{"id":161,"date":"2018-12-21T10:49:49","date_gmt":"2018-12-21T10:49:49","guid":{"rendered":"https:\/\/keep2sharepremium.cc\/?page_id=161"},"modified":"2019-11-12T08:43:23","modified_gmt":"2019-11-12T08:43:23","slug":"keep2share","status":"publish","type":"page","link":"https:\/\/keep2sharepremium.cc\/de\/","title":{"rendered":"Keep2Share Premium Account  &#8211; Der beliebteste Filehoster?"},"content":{"rendered":"<p><strong>Keep2Share<\/strong> ist noch eine weitere Filehoster-Website, die sich unter den besten Filehostern und Multihostern einordnen l\u00e4sst. Es erm\u00f6glicht den Benutzern das Hoch- und Herunterladen von Dateien ohne Hindernisse, Anzeigen und ungerechtfertigte Klicks. Ein Klick gen\u00fcgt, um eine Datei hoch- und herunterzuladen.<\/p>\n<p>Fr\u00fcher war es eine schreckliche Aufgabe, eine gro\u00dfe Datei zu teilen. Das Senden \u00fcber das Internet dauerte ewig, und die Benutzer mussten die Dateien auf ein Speichermedium kopieren und an die Empf\u00e4nger senden. Mit dem Aufkommen alter Technologien und dem Fortschritt in den modernen technologischen L\u00f6sungen bietet Keep2Share eine Cloud-basierte Methode zum \u00dcbertragen von Dateien.<\/p>\n<p>Mit Hilfe von Keep2Share m\u00fcssen Sie lediglich eine riesige Datei per Drag &amp; Drop auf die Webseite ziehen und sie wird sofort in die Cloud hochgeladen. Sobald die Datei in der Cloud ist, teilen Sie einfach den Link mit den Benutzern, und sie k\u00f6nnen ihn von \u00fcberall auf der Welt herunterladen. Es erm\u00f6glicht auch das Herunterladen von unbegrenzten Dateien zu jeder Zeit auf der Welt. Hier ist die Haupt-Homepage-Schnittstelle:<\/p>\n<p>M\u00f6chten sie mehr dar\u00fcber erfahren, dann klicken sie doch einfach hier: <a href=\"https:\/\/keep2share.info\/\" target=\"_blank\" rel=\"noopener noreferrer\">Keep2Share Account<\/a><\/p>\n<p><strong><a class=\"maxbutton-1 maxbutton maxbutton-cta\" target=\"_blank\" rel=\"nofollow noopener\" href=\"\/go\/\"><span class='mb-text'>&gt;&gt; Gehe zu Keep2Share.cc<\/span><\/a><\/strong><\/p>\n<p><img loading=\"lazy\" class=\"aligncenter wp-image-135 size-full\" src=\"https:\/\/keep2sharepremium.cc\/wp-content\/uploads\/2018\/11\/interface.png\" alt=\"interface of keep2sharepremium\" width=\"1218\" height=\"690\" srcset=\"https:\/\/keep2sharepremium.cc\/wp-content\/uploads\/2018\/11\/interface.png 1218w, https:\/\/keep2sharepremium.cc\/wp-content\/uploads\/2018\/11\/interface-300x170.png 300w, https:\/\/keep2sharepremium.cc\/wp-content\/uploads\/2018\/11\/interface-768x435.png 768w, https:\/\/keep2sharepremium.cc\/wp-content\/uploads\/2018\/11\/interface-1024x580.png 1024w\" sizes=\"(max-width: 1218px) 100vw, 1218px\" \/><\/p>\n\n<h2><span lang=\"EN-US\">Welche verschiedenen Kontoarten bietet Keep2Share an?<\/span><\/h2>\n<p>Keep2Share bietet drei verschiedene Arten von Konten an. Jedes Konto bringt seine eigenen Vorteile und Nachteile mit an den Tisch. Die drei wichtigsten Kontoarten sind;<\/p>\n<ul>\n<li><strong>Keep2Share<\/strong> Free<\/li>\n<li><strong>Keep2Share Premium<\/strong><\/li>\n<li><strong>Keep2Share Premium<\/strong> Pro<\/li>\n<\/ul>\n<h2><span lang=\"EN-US\">Was sind die Vorteile eines Keep2Share Premium-Accounts?<\/span><\/h2>\n<p>Wenn Sie kein begeisterter Benutzer von Download- und Upload-Funktionalit\u00e4ten sind, dann sollten Sie sich vielleicht an das regul\u00e4re kostenlose Keep2Share-Konto halten. Wenn Sie jedoch die Download- und Upload-Funktionen der Website verehren und beabsichtigen, sie t\u00e4glich zu nutzen, sollten Sie einen Keep2Share Premium-Account erwerben. Lassen Sie uns einige der Vorteile von Keep2Share Premium besprechen:<\/p>\n<p><strong>Hohe Download-Geschwindigkeit:<\/strong><\/p>\n<p>Mit einem einfachen kostenlosen Konto liegt Ihre maximale Download-Geschwindigkeit bei etwa 50KB\/s. Andererseits, wenn Sie sich f\u00fcr Keep2Share Premium entscheiden, wird Ihre Download-Geschwindigkeit auf bis zu 300mb\/s erh\u00f6ht. Diese Geschwindigkeit bleibt auch dann erhalten, wenn die Server ausgelastet sind und der Traffic auf seinem H\u00f6chststand ist. Ihre Verbindung wird mit hoher Priorit\u00e4t behandelt. F\u00fcr Premium-Nutzer gibt es keine Wartezeit oder Wartezeit.<\/p>\n<p><strong>Fortsetzungsfunktion f\u00fcr Downloads\/Uploads:<\/strong><\/p>\n<p>In der heutigen Zeit ist keine st\u00e4ndige Verbindung zum Internet gew\u00e4hrleistet. Es wird Zeiten geben, in denen du vom Internet getrennt wirst, und alles wird dunkel erscheinen. Wenn Sie gerade etwas heruntergeladen oder hochgeladen haben, k\u00f6nnen Sie mit dem Keep2Share Premium-Account von diesem Punkt an fortfahren, anstatt bei Null anzufangen. Dies ist ein gro\u00dfer Zeitgewinn f\u00fcr gro\u00dfe Dateien.<\/p>\n<p><strong>Premium-Upload\/Download-Optionen:<\/strong><\/p>\n<p>Mit einem Keep2Share Premium-Account betr\u00e4gt Ihre Upload-Gr\u00f6\u00dfe 2 GB, w\u00e4hrend kostenlose Accounts nur 500 MB Upload pro Tag erhalten. Ebenso k\u00f6nnen Sie unbegrenzt Dateien pro Tag bis zu 20 GB herunterladen, w\u00e4hrend ein kostenloses Konto nur bis zu 1 GB pro Tag herunterladen kann. Dar\u00fcber hinaus k\u00f6nnen Sie parallele Dateien synchron herunterladen, w\u00e4hrend ein kostenloser Benutzer nur eine Datei auf einmal herunterladen kann.<\/p>\n<p><strong>Datei-Historie:<\/strong><\/p>\n<p>Sie sind vielleicht eine Weile weg, aber das Keep2Share Premium-Konto h\u00e4lt Ihre Dateien bis zu 180 Tage lang sicher. Sie k\u00f6nnen es schnell auf Ihren Laptop herunterladen, bevor es entfernt wird. Es verfolgt Ihre Downloads bis zu 180 Tage lang, so dass Sie einige alte Downloads erneut besuchen k\u00f6nnen. Mit einem kostenlosen Konto speichert es Ihre Dateien nur bis zu einem Monat.<\/p>\n<p>Um Ihnen eine visuelle Perspektive der Verg\u00fcnstigungen zu geben, kann die folgende Tabelle helfen.<\/p>\n<p><strong>\n<table id=\"tablepress-12\" class=\"tablepress tablepress-id-12\">\n<thead>\n<tr class=\"row-1 odd\">\n\t<th class=\"column-1\">Account Type<\/th><th class=\"column-2\">Free User<\/th><th class=\"column-3\">Premium User<\/th><th class=\"column-4\">Premium Pro User<\/th>\n<\/tr>\n<\/thead>\n<tbody class=\"row-hover\">\n<tr class=\"row-2 even\">\n\t<td class=\"column-1\">Download-Geschwindigkeit<\/td><td class=\"column-2\">50 kb\/s<\/td><td class=\"column-3\">Unbegrenzt<\/td><td class=\"column-4\">Unbegrenzt<\/td>\n<\/tr>\n<tr class=\"row-3 odd\">\n\t<td class=\"column-1\">Dateigr\u00f6\u00dfenbegrenzung<\/td><td class=\"column-2\">1 GB<\/td><td class=\"column-3\">5 GB<\/td><td class=\"column-4\">10 GB<\/td>\n<\/tr>\n<tr class=\"row-4 even\">\n\t<td class=\"column-1\">Download-Beschr\u00e4nkungen<\/td><td class=\"column-2\">1 GB<\/td><td class=\"column-3\">20 GB pro Tag<\/td><td class=\"column-4\">50 GB pro Tag<\/td>\n<\/tr>\n<tr class=\"row-5 odd\">\n\t<td class=\"column-1\">Parallele Downloads<\/td><td class=\"column-2\">1<\/td><td class=\"column-3\">Unbegrenzt<\/td><td class=\"column-4\">Unbegrenzt<\/td>\n<\/tr>\n<tr class=\"row-6 even\">\n\t<td class=\"column-1\">Werbefrei<\/td><td class=\"column-2\">Nein<\/td><td class=\"column-3\">Ja<\/td><td class=\"column-4\">Ja<\/td>\n<\/tr>\n<tr class=\"row-7 odd\">\n\t<td class=\"column-1\">Sofort starten<\/td><td class=\"column-2\">Nein<\/td><td class=\"column-3\">Ja<\/td><td class=\"column-4\">Ja<\/td>\n<\/tr>\n<tr class=\"row-8 even\">\n\t<td class=\"column-1\">Direkter Download<\/td><td class=\"column-2\">Nein<\/td><td class=\"column-3\">Ja<\/td><td class=\"column-4\">Ja<\/td>\n<\/tr>\n<tr class=\"row-9 odd\">\n\t<td class=\"column-1\">Download-Manager<\/td><td class=\"column-2\">Nein<\/td><td class=\"column-3\">Ja<\/td><td class=\"column-4\">Ja<\/td>\n<\/tr>\n<tr class=\"row-10 even\">\n\t<td class=\"column-1\">Download Wartezeit<\/td><td class=\"column-2\">30 Sekunden<\/td><td class=\"column-3\">Nein<\/td><td class=\"column-4\">Nein<\/td>\n<\/tr>\n<\/tbody>\n<\/table>\n<!-- #tablepress-12 from cache --><\/strong><\/p>\n<p>Ja, es gibt ein Premium-Promo-Angebot. Es ist fast das gleiche wie Keep2Share Premium. Der einzige Unterschied besteht in der Begrenzung der Dateigr\u00f6\u00dfe und der Downloadbeschr\u00e4nkung.<\/p>\n<p><img loading=\"lazy\" class=\"aligncenter wp-image-140 size-full\" src=\"https:\/\/keep2sharepremium.cc\/wp-content\/uploads\/2018\/11\/pricing.png\" alt=\"pricing\" width=\"850\" height=\"615\" srcset=\"https:\/\/keep2sharepremium.cc\/wp-content\/uploads\/2018\/11\/pricing.png 850w, https:\/\/keep2sharepremium.cc\/wp-content\/uploads\/2018\/11\/pricing-300x217.png 300w, https:\/\/keep2sharepremium.cc\/wp-content\/uploads\/2018\/11\/pricing-768x556.png 768w\" sizes=\"(max-width: 850px) 100vw, 850px\" \/><\/p>\n<h2><span lang=\"EN-US\">Was sind die akzeptierten Zahlungsmethoden?<\/span><\/h2>\n<p>Wie jede gro\u00dfe Filehoster-Website bietet auch Keep2Share eine Vielzahl von Zahlungsmethoden an, von denen einige unten aufgef\u00fchrt sind;<\/p>\n<ul>\n<li>Credit Card<\/li>\n<li>Debit Card<\/li>\n<li>Webmoney<\/li>\n<li>MasterCard<\/li>\n<li>American Express<\/li>\n<li>Discover<\/li>\n<li>JCB<\/li>\n<li>Coupons<\/li>\n<li>Vouchers<\/li>\n<li>Resellers<\/li>\n<\/ul>\n<p>Sie k\u00f6nnen ein einfaches Konto erstellen und sp\u00e4ter Ihre bevorzugte Zahlungsmethode w\u00e4hlen. Sie k\u00f6nnen auf das Keep2Share Premium-Konto oder Keep2Share Premium Pro upgraden. Alle Transaktionen werden von VISA und anderen gro\u00dfen Finanzinstituten \u00fcberpr\u00fcft. Ihre Transaktionen sind 100% sicher, sicher und schnell.<\/p>\n<p><strong><a class=\"maxbutton-1 maxbutton maxbutton-cta\" target=\"_blank\" rel=\"nofollow noopener\" href=\"\/go\/\"><span class='mb-text'>&gt;&gt; Gehe zu Keep2Share.cc<\/span><\/a><\/strong><\/p>\n<h2><span lang=\"EN-US\">Warum sollten Sie sich f\u00fcr Keep2Share entscheiden?<\/span><\/h2>\n<p>Viele Filehoster bieten den gleichen Funktionsumfang, aber Keep2Share hebt sich von anderen ab. Hier ist eine Liste, die Sie beachten sollten, bevor Sie einen Filehoster ausw\u00e4hlen;<\/p>\n<p><strong>100% Sicherheit:<\/strong><\/p>\n<p>Alles, was Sie hochladen, wird sicher aufbewahrt. Ihre Profilinformationen und Ihre Browseraktivit\u00e4ten werden weder gespeichert noch an Dritte weitergegeben. Du kannst bl\u00e4ttern, hochladen und herunterladen, was immer du willst, w\u00e4hrend du anonym bist.<\/p>\n<p><strong>Plattform\u00fcbergreifende Kompatibilit\u00e4t:<\/strong><\/p>\n<p>Sie k\u00f6nnen Dateien von jeder Plattform aus hoch- und herunterladen. Ob Sie nun einen PC oder einen MAC besitzen, Sie k\u00f6nnen ohne unn\u00f6tige Hindernisse herunterladen und hochladen. Es funktioniert auf einer Vielzahl von verf\u00fcgbaren Betriebssystemen und Plattformen.<\/p>\n<p><strong>Ultraschallgeschwindigkeit:<\/strong><\/p>\n<p>Nun, wenn Sie Dateien aus dem Internet herunterladen oder hochladen, ist Ihre Hauptsorge die Geschwindigkeit. Keep2Share bietet hohe Geschwindigkeit und unbegrenzte Download-Geschwindigkeit. Es spielt keine Rolle, ob die Last auf dem Server Spitzenwerte aufweist, Ihre Download-Geschwindigkeit wird nicht von dem abweichen, was Ihnen versprochen wurde.<\/p>\n<p><strong>Einfache Benutzeroberfl\u00e4che:<\/strong><\/p>\n<p>Niemand will eine komplexe Benutzeroberfl\u00e4che, wenn es um File Sharing geht. Keep2Share bietet eine einfache Benutzeroberfl\u00e4che. Ein Klick oder Drag &amp; Drop gen\u00fcgt, um alle Kernfunktionen der Website hoch- und herunterzuladen und darauf zuzugreifen.<\/p>\n<p><strong>Umfangreiche Integration:<\/strong><\/p>\n<p>Keep2Share geh\u00f6rt zu einer Handvoll Filehoster, die eine Integration von Drittanbietern f\u00fcr Browser und Downloadbeschleuniger erm\u00f6glichen. Es erm\u00f6glicht den Benutzern, jeden beliebigen Download-Beschleuniger zu verwenden, um die Download-Geschwindigkeit zu erh\u00f6hen. Die meisten Websites erlauben keine Anwendungen von Drittanbietern. Selbst wenn sie es zulassen, werden sie die Anzahl der Bewerbungen auf ihre Mitarbeiter beschr\u00e4nken. Mit dem Keep2Share Premium-Account k\u00f6nnen Sie jeden Download-Beschleuniger verwenden, den Sie m\u00f6chten.<\/p>\n<p><strong>Keine Wartezeit:<\/strong><\/p>\n<p>Wenn Sie etwas herunterladen m\u00f6chten, wird Ihr Konto m\u00f6glicherweise in einer virtuellen Warteschlange gehalten, bevor Sie auf die Datei zugreifen k\u00f6nnen. Keep2Share setzt auf eine parallele Benutzeroberfl\u00e4che. Das bedeutet, dass es keine Wartezeit f\u00fcr das Herunterladen mehrerer Dateien auf einmal gibt.<\/p>\n<h2><span lang=\"EN-US\">Wie ist die Dateiverwaltungsoberfl\u00e4che?<\/span><\/h2>\n<p>Frei von Hektik. Das w\u00e4re die genaue und genaueste Antwort. Benutzer m\u00f6chten per Drag &amp; Drop ihre Dateien vergessen. Wenn Sie eine Datei l\u00f6schen m\u00f6chten, m\u00fcssen Sie lediglich die Datei ausw\u00e4hlen und l\u00f6schen. Wenn Sie Ihre Dateien verwalten und organisieren m\u00f6chten, m\u00fcssen Sie lediglich einen neuen Ordner erstellen und die Dateien per Drag &amp; Drop dorthin verschieben. Nun, so funktioniert Keep2Share. Mit nur einem Klick k\u00f6nnen Sie Ihre Dateien, den Verlauf und das Herunterladen von Dateien l\u00f6schen, verwalten und organisieren.<\/p>\n<p><img loading=\"lazy\" class=\"aligncenter wp-image-146 size-full\" src=\"https:\/\/keep2sharepremium.cc\/wp-content\/uploads\/2018\/11\/upload.png\" alt=\"upload\" width=\"1245\" height=\"444\" srcset=\"https:\/\/keep2sharepremium.cc\/wp-content\/uploads\/2018\/11\/upload.png 1245w, https:\/\/keep2sharepremium.cc\/wp-content\/uploads\/2018\/11\/upload-300x107.png 300w, https:\/\/keep2sharepremium.cc\/wp-content\/uploads\/2018\/11\/upload-768x274.png 768w, https:\/\/keep2sharepremium.cc\/wp-content\/uploads\/2018\/11\/upload-1024x365.png 1024w\" sizes=\"(max-width: 1245px) 100vw, 1245px\" \/><\/p>\n<p>Sobald Sie eine Datei hochgeladen haben, k\u00f6nnen Sie sie entweder \u00f6ffentlich oder privat machen. Wenn es \u00f6ffentlich ist, dann kann jeder mit einem Konto darauf zugreifen. Wenn die Datei privat ist, dann k\u00f6nnen Sie Links generieren und diese mit den Empf\u00e4ngern teilen, und nur sie k\u00f6nnen sie herunterladen und ansehen.<\/p>\n<h2><span lang=\"EN-US\">Wie k\u00f6nnen Sie mit Keep2Share Geld verdienen?<\/span><\/h2>\n<p>Ja, Sie k\u00f6nnen mit Hilfe der Affiliate- und Partnerprogramme Geld verdienen. Gehen Sie einfach zum Ende der Website, klicken Sie auf Geld verdienen, und Sie werden auf eine neue Seite weitergeleitet, die Ihnen einige grundlegende Fragen stellt. Danach k\u00f6nnen Sie die Website auf Ihrer eigenen Website bewerben, oder Sie k\u00f6nnen Geld verdienen, wenn Ihre Dateien effektiver und beliebter werden.<\/p>\n<p><img loading=\"lazy\" class=\"aligncenter wp-image-151 size-full\" src=\"https:\/\/keep2sharepremium.cc\/wp-content\/uploads\/2018\/11\/partner.png\" alt=\"partner\" width=\"790\" height=\"734\" srcset=\"https:\/\/keep2sharepremium.cc\/wp-content\/uploads\/2018\/11\/partner.png 790w, https:\/\/keep2sharepremium.cc\/wp-content\/uploads\/2018\/11\/partner-300x279.png 300w, https:\/\/keep2sharepremium.cc\/wp-content\/uploads\/2018\/11\/partner-768x714.png 768w\" sizes=\"(max-width: 790px) 100vw, 790px\" \/><\/p>\n<p><a href=\"https:\/\/fboom.me\/\">FileBoom.me<\/a> ist der Partner, und sie erm\u00f6glichen es den Benutzern, mehr Geld zu verdienen, wenn ihre Dateien immer beliebter werden. Auch die Nutzer werden f\u00fcr das Hosting von Inhalten auf ihren pers\u00f6nlichen Websites und Konten bezahlt. Einfache und einfache Schritte werden Ihnen helfen, Geld zu verdienen, w\u00e4hrend Sie zu Hause sitzen.<\/p>\n<h2><span lang=\"EN-US\">Welche verschiedenen Pakete gibt es f\u00fcr die Benutzer?<\/span><\/h2>\n<p>Keep2Share bietet zwei verschiedene Arten von Premium-Optionen an. Du kannst entweder ein einfaches Premium-Konto oder ein Premium-Pro-Konto kaufen. Lass uns einen Blick darauf werfen;<\/p>\n<p><strong>\n<table id=\"tablepress-11\" class=\"tablepress tablepress-id-11\">\n<thead>\n<tr class=\"row-1 odd\">\n\t<th class=\"column-1\">Paket<\/th><th class=\"column-2\">Premium Pro<\/th><th class=\"column-3\">Premium<\/th>\n<\/tr>\n<\/thead>\n<tbody class=\"row-hover\">\n<tr class=\"row-2 even\">\n\t<td class=\"column-1\">J\u00e4hrlich<\/td><td class=\"column-2\">$11.75 \/ month<\/td><td class=\"column-3\">$9.50 \/ month<\/td>\n<\/tr>\n<tr class=\"row-3 odd\">\n\t<td class=\"column-1\">Viertelj\u00e4hrlich<\/td><td class=\"column-2\">$17.32 \/ month<\/td><td class=\"column-3\">$13.98 \/ month<\/td>\n<\/tr>\n<tr class=\"row-4 even\">\n\t<td class=\"column-1\">Monatlich<\/td><td class=\"column-2\">$21.95 \/ month<\/td><td class=\"column-3\">$16.95 \/ month<\/td>\n<\/tr>\n<tr class=\"row-5 odd\">\n\t<td class=\"column-1\">Testversion<\/td><td class=\"column-2\">$8.95 \/ 3 days<\/td><td class=\"column-3\">$6.95 \/ 3 days<\/td>\n<\/tr>\n<\/tbody>\n<\/table>\n<!-- #tablepress-11 from cache --><\/strong><\/p>\n<p><strong><a class=\"maxbutton-1 maxbutton maxbutton-cta\" target=\"_blank\" rel=\"nofollow noopener\" href=\"\/go\/\"><span class='mb-text'>&gt;&gt; Gehe zu Keep2Share.cc<\/span><\/a><\/strong><\/p>\n<h3><span lang=\"EN-US\">Was haben wir zu sagen?<\/span><\/h3>\n<p>Die Cloud Computing-Technologie ist auf dem Vormarsch, und Hunderte von Filehostern versprechen Ihnen die Welt. Keep2Share ist derjenige, der seine Versprechen h\u00e4lt. Egal, ob Sie ein kostenloses Konto, ein Keep2Share Premium-Konto oder ein Keep2Share Premium-Pro-Konto haben, was auch immer Ihnen versprochen wurde, wird geliefert.<\/p>\n<p>Wenn Sie mit dem Service nicht zufrieden sind, klicken Sie mit einem Klick und Sie erhalten eine R\u00fcckerstattung f\u00fcr Ihr Geld. Wenn Sie also an regelm\u00e4\u00dfigen Up- und Downloads interessiert sind und nach dem besten Service und Filehoster suchen, ist keep2Share definitiv einen Versuch wert. Es geh\u00f6rt zu den besten Filehostern, die derzeit erh\u00e4ltlich sind.<\/p>\n","protected":false},"excerpt":{"rendered":"<p>Keep2Share ist noch eine weitere Filehoster-Website, die sich unter den besten Filehostern und Multihostern einordnen l\u00e4sst. Es erm\u00f6glicht den Benutzern<\/p>\n","protected":false},"author":3,"featured_media":0,"parent":0,"menu_order":0,"comment_status":"closed","ping_status":"closed","template":"","meta":[],"yoast_head":"<!-- This site is optimized with the Yoast SEO plugin v18.3 - https:\/\/yoast.com\/wordpress\/plugins\/seo\/ -->\n<title>Keep2Share Premium Account - Der beliebteste Filehoster<\/title>\n<meta name=\"description\" content=\"Holen Dir noch heute einen Keep2Share Premium Account. Schaue Dir die tollen Angebote an!\" \/>\n<meta name=\"robots\" content=\"index, follow, max-snippet:-1, max-image-preview:large, max-video-preview:-1\" \/>\n<link rel=\"canonical\" href=\"https:\/\/keep2sharepremium.cc\/de\/\" \/>\n<meta property=\"og:locale\" content=\"de_DE\" \/>\n<meta property=\"og:type\" content=\"article\" \/>\n<meta property=\"og:title\" content=\"Keep2Share Premium Account - Der beliebteste Filehoster\" \/>\n<meta property=\"og:description\" content=\"Holen Dir noch heute einen Keep2Share Premium Account. Schaue Dir die tollen Angebote an!\" \/>\n<meta property=\"og:url\" content=\"https:\/\/keep2sharepremium.cc\/de\/\" \/>\n<meta property=\"og:site_name\" content=\"Keep2Share - Premium Account\" \/>\n<meta property=\"article:modified_time\" content=\"2019-11-12T08:43:23+00:00\" \/>\n<meta property=\"og:image\" content=\"https:\/\/keep2sharepremium.cc\/wp-content\/uploads\/2018\/11\/interface.png\" \/>\n<meta name=\"twitter:card\" content=\"summary\" \/>\n<meta name=\"twitter:label1\" content=\"Gesch\u00e4tzte Lesezeit\" \/>\n\t<meta name=\"twitter:data1\" content=\"8\u00a0Minuten\" \/>\n<!-- \/ Yoast SEO plugin. -->","yoast_head_json":{"title":"Keep2Share Premium Account - Der beliebteste Filehoster","description":"Holen Dir noch heute einen Keep2Share Premium Account. Schaue Dir die tollen Angebote an!","robots":{"index":"index","follow":"follow","max-snippet":"max-snippet:-1","max-image-preview":"max-image-preview:large","max-video-preview":"max-video-preview:-1"},"canonical":"https:\/\/keep2sharepremium.cc\/de\/","og_locale":"de_DE","og_type":"article","og_title":"Keep2Share Premium Account - Der beliebteste Filehoster","og_description":"Holen Dir noch heute einen Keep2Share Premium Account. Schaue Dir die tollen Angebote an!","og_url":"https:\/\/keep2sharepremium.cc\/de\/","og_site_name":"Keep2Share - Premium Account","article_modified_time":"2019-11-12T08:43:23+00:00","og_image":[{"url":"https:\/\/keep2sharepremium.cc\/wp-content\/uploads\/2018\/11\/interface.png"}],"twitter_card":"summary","twitter_misc":{"Gesch\u00e4tzte Lesezeit":"8\u00a0Minuten"},"schema":{"@context":"https:\/\/schema.org","@graph":[{"@type":"WebSite","@id":"https:\/\/keep2sharepremium.cc\/es\/#website","url":"https:\/\/keep2sharepremium.cc\/es\/","name":"Keep2Share - Premium Account","description":"","potentialAction":[{"@type":"SearchAction","target":{"@type":"EntryPoint","urlTemplate":"https:\/\/keep2sharepremium.cc\/es\/?s={search_term_string}"},"query-input":"required name=search_term_string"}],"inLanguage":"de"},{"@type":"ImageObject","@id":"https:\/\/keep2sharepremium.cc\/de\/#primaryimage","inLanguage":"de","url":"https:\/\/keep2sharepremium.cc\/wp-content\/uploads\/2018\/11\/interface.png","contentUrl":"https:\/\/keep2sharepremium.cc\/wp-content\/uploads\/2018\/11\/interface.png","width":1218,"height":690,"caption":"interface of keep2sharepremium"},{"@type":"WebPage","@id":"https:\/\/keep2sharepremium.cc\/de\/#webpage","url":"https:\/\/keep2sharepremium.cc\/de\/","name":"Keep2Share Premium Account - Der beliebteste Filehoster","isPartOf":{"@id":"https:\/\/keep2sharepremium.cc\/es\/#website"},"primaryImageOfPage":{"@id":"https:\/\/keep2sharepremium.cc\/de\/#primaryimage"},"datePublished":"2018-12-21T10:49:49+00:00","dateModified":"2019-11-12T08:43:23+00:00","description":"Holen Dir noch heute einen Keep2Share Premium Account. Schaue Dir die tollen Angebote an!","breadcrumb":{"@id":"https:\/\/keep2sharepremium.cc\/de\/#breadcrumb"},"inLanguage":"de","potentialAction":[{"@type":"ReadAction","target":["https:\/\/keep2sharepremium.cc\/de\/"]}]},{"@type":"BreadcrumbList","@id":"https:\/\/keep2sharepremium.cc\/de\/#breadcrumb","itemListElement":[{"@type":"ListItem","position":1,"name":"Startseite","item":"https:\/\/keep2sharepremium.cc\/de\/"},{"@type":"ListItem","position":2,"name":"Keep2Share Premium Account &#8211; Der beliebteste Filehoster?"}]}]}},"_links":{"self":[{"href":"https:\/\/keep2sharepremium.cc\/de\/wp-json\/wp\/v2\/pages\/161"}],"collection":[{"href":"https:\/\/keep2sharepremium.cc\/de\/wp-json\/wp\/v2\/pages"}],"about":[{"href":"https:\/\/keep2sharepremium.cc\/de\/wp-json\/wp\/v2\/types\/page"}],"author":[{"embeddable":true,"href":"https:\/\/keep2sharepremium.cc\/de\/wp-json\/wp\/v2\/users\/3"}],"replies":[{"embeddable":true,"href":"https:\/\/keep2sharepremium.cc\/de\/wp-json\/wp\/v2\/comments?post=161"}],"version-history":[{"count":7,"href":"https:\/\/keep2sharepremium.cc\/de\/wp-json\/wp\/v2\/pages\/161\/revisions"}],"predecessor-version":[{"id":758,"href":"https:\/\/keep2sharepremium.cc\/de\/wp-json\/wp\/v2\/pages\/161\/revisions\/758"}],"wp:attachment":[{"href":"https:\/\/keep2sharepremium.cc\/de\/wp-json\/wp\/v2\/media?parent=161"}],"curies":[{"name":"wp","href":"https:\/\/api.w.org\/{rel}","templated":true}]}}