{"id":184,"date":"2018-12-21T10:52:02","date_gmt":"2018-12-21T10:52:02","guid":{"rendered":"https:\/\/keep2sharepremium.cc\/?page_id=184"},"modified":"2019-11-12T08:43:26","modified_gmt":"2019-11-12T08:43:26","slug":"keep2share","status":"publish","type":"page","link":"https:\/\/keep2sharepremium.cc\/es\/","title":{"rendered":"Keep2Share Premium Account  &#8211; \u00bfEl shoster de archivos m\u00e1s popular?"},"content":{"rendered":"<p><strong>Keep2Share<\/strong><strong>\u00a0<\/strong>es otro sitio con un buscador de archivos, que puede ser clasificado como uno de los mejores buscadores de archivos y multi-hosters. Permite a los usuarios cargar y descargar archivos sin impedimentos, visualizaciones y clics injustificados. Un clic es suficiente para cargar y descargar el archivo.<\/p>\n<p>Fue una tarea terrible compartir un archivo grande. La carga de archivos a trav\u00e9s de Internet duraba para siempre, y los usuarios ten\u00edan que copiarlos en medios de almacenamiento y enviarlos a los destinatarios. Con el advenimiento de viejas tecnolog\u00edas y el desarrollo de soluciones tecnol\u00f3gicas modernas, Keep2Share ofrece una forma de transferencia de archivos basada en la nube.<\/p>\n<p>Con Keep2Share, todo lo que tienes que hacer es arrastrar y soltar un archivo enorme en el sitio web y ser\u00e1 cargado instant\u00e1neamente en la nube. Cuando el archivo est\u00e1 en la nube, simplemente comparte un enlace con los usuarios que pueden descargarlo desde cualquier parte del mundo. Tambi\u00e9n le permite descargar un n\u00famero ilimitado de archivos en cualquier momento del mundo. Aqu\u00ed est\u00e1 la interfaz principal de la p\u00e1gina de inicio:<\/p>\n<p>Si desea saber m\u00e1s sobre el tema, haga clic aqu\u00ed: <a href=\"https:\/\/keep2share.info\/\" target=\"_blank\" rel=\"noopener noreferrer\">Keep2Share Account<\/a><\/p>\n<p><strong><a class=\"maxbutton-1 maxbutton maxbutton-cta\" target=\"_blank\" rel=\"nofollow noopener\" href=\"\/go\/\"><span class='mb-text'>&gt;&gt; Ir a Keep2Share.cc<\/span><\/a><\/strong><\/p>\n<p><img loading=\"lazy\" class=\"aligncenter wp-image-135 size-full\" src=\"https:\/\/keep2sharepremium.cc\/wp-content\/uploads\/2018\/11\/interface.png\" alt=\"interface of keep2sharepremium\" width=\"1218\" height=\"690\" srcset=\"https:\/\/keep2sharepremium.cc\/wp-content\/uploads\/2018\/11\/interface.png 1218w, https:\/\/keep2sharepremium.cc\/wp-content\/uploads\/2018\/11\/interface-300x170.png 300w, https:\/\/keep2sharepremium.cc\/wp-content\/uploads\/2018\/11\/interface-768x435.png 768w, https:\/\/keep2sharepremium.cc\/wp-content\/uploads\/2018\/11\/interface-1024x580.png 1024w\" sizes=\"(max-width: 1218px) 100vw, 1218px\" \/><\/p>\n\n<h2><span lang=\"EN-US\">\u00bfQu\u00e9 tipos de cuentas ofrece Keep2Share?<\/span><\/h2>\n<p>Keep2Share ofrece tres tipos de cuentas diferentes. Cada cuenta aporta sus propias ventajas y desventajas. Los tres tipos principales de cuentas son<\/p>\n<ul>\n<li><strong>Keep2Share<\/strong> Free<\/li>\n<li><strong>Keep2Share Premium<\/strong><\/li>\n<li><strong>Keep2Share Premium<\/strong> Pro<\/li>\n<\/ul>\n<h2><span lang=\"EN-US\">\u00bfCu\u00e1les son los beneficios de tener una cuenta Keep2Share Premium?<\/span><\/h2>\n<p>Si usted no es un usuario entusiasta de las caracter\u00edsticas de descarga y carga, es posible que desee mantener su cuenta regular y gratuita de Keep2Share. Sin embargo, si te gustan las funciones de descarga y carga y quieres usarlas todos los d\u00edas, deber\u00edas comprar una cuenta Premium Keep2Share. Hablemos de algunos de los beneficios de Keep2Share Premium:<\/p>\n<p><strong>Descarga r\u00e1pida:<\/strong><\/p>\n<p>Con una cuenta sencilla y gratuita, la velocidad m\u00e1xima de descarga ser\u00e1 de unos 50 KB\/seg. Por otro lado, si selecciona Keep2Share Premium, la velocidad de descarga aumentar\u00e1 a 300 mbps. Esta velocidad se mantiene incluso si los servidores est\u00e1n ocupados y el tr\u00e1fico est\u00e1 al m\u00e1s alto nivel. Su llamada ser\u00e1 tratada con la m\u00e1s alta prioridad. No hay tiempo de espera para los usuarios Premium.<\/p>\n<p><strong>Contin\u00fae descargando\/enviando archivos:<\/strong><\/p>\n<p>Actualmente no hay garant\u00eda de una conexi\u00f3n permanente a Internet. Habr\u00e1 momentos en los que te desconectar\u00e1s de Internet y todo estar\u00e1 oscuro. Si acaba de descargar o cargar algo, puede continuar usando su cuenta Keep2Share Premium desde aqu\u00ed en lugar de empezar desde cero. Este es un gran ahorro de tiempo para archivos grandes.<\/p>\n<p><strong>Opciones de carga\/recepci\u00f3n:<\/strong><\/p>\n<p>Con una cuenta Keep2Share Premium, el tama\u00f1o del dep\u00f3sito es de 2 GB, mientras que las cuentas gratuitas s\u00f3lo reciben dep\u00f3sitos de 500 MB por d\u00eda. Tambi\u00e9n puede descargar un n\u00famero ilimitado de archivos de hasta 20 GB por d\u00eda, mientras que una cuenta gratuita s\u00f3lo puede descargar hasta 1 GB por d\u00eda. Adem\u00e1s, los archivos paralelos pueden descargarse sincr\u00f3nicamente, mientras que un usuario gratuito s\u00f3lo puede descargar un archivo a la vez.<\/p>\n<p><strong>Historial de archivos:<\/strong><\/p>\n<p>Usted puede estar fuera de casa por un tiempo, pero su cuenta Premium Keep2Share mantiene sus archivos en un lugar seguro hasta por 180 d\u00edas. Puede descargarlo r\u00e1pidamente a su port\u00e1til antes de que se elimine. Realiza un seguimiento de las descargas durante un m\u00e1ximo de 180 d\u00edas para que pueda volver a algunas descargas antiguas. Con una cuenta gratuita, almacena s\u00f3lo los archivos durante un mes.<\/p>\n<p>Para darle una perspectiva visual de los beneficios, la siguiente tabla puede serle \u00fatil.<\/p>\n<p><strong>\n<table id=\"tablepress-17\" class=\"tablepress tablepress-id-17\">\n<thead>\n<tr class=\"row-1 odd\">\n\t<th class=\"column-1\">Account Type<\/th><th class=\"column-2\">Free User<\/th><th class=\"column-3\">Premium User<\/th><th class=\"column-4\">Premium Pro User<\/th>\n<\/tr>\n<\/thead>\n<tbody class=\"row-hover\">\n<tr class=\"row-2 even\">\n\t<td class=\"column-1\">Velocidad de descarga<\/td><td class=\"column-2\">50 kb\/s<\/td><td class=\"column-3\">Ilimitado<\/td><td class=\"column-4\">Ilimitado<\/td>\n<\/tr>\n<tr class=\"row-3 odd\">\n\t<td class=\"column-1\">L\u00edmite de tama\u00f1o de archivo<\/td><td class=\"column-2\">1 GB<\/td><td class=\"column-3\">5 GB<\/td><td class=\"column-4\">10 GB<\/td>\n<\/tr>\n<tr class=\"row-4 even\">\n\t<td class=\"column-1\">Restricciones de descarga<\/td><td class=\"column-2\">1 GB<\/td><td class=\"column-3\">20 GB por d\u00eda<\/td><td class=\"column-4\">50 GB por d\u00eda<\/td>\n<\/tr>\n<tr class=\"row-5 odd\">\n\t<td class=\"column-1\">Descargas paralelas<\/td><td class=\"column-2\">1<\/td><td class=\"column-3\">Ilimitado<\/td><td class=\"column-4\">Ilimitado<\/td>\n<\/tr>\n<tr class=\"row-6 even\">\n\t<td class=\"column-1\">Sin anuncios<\/td><td class=\"column-2\">No<\/td><td class=\"column-3\">S\u00ed<\/td><td class=\"column-4\">S\u00ed<\/td>\n<\/tr>\n<tr class=\"row-7 odd\">\n\t<td class=\"column-1\">Comience de inmediato<\/td><td class=\"column-2\">No<\/td><td class=\"column-3\">S\u00ed<\/td><td class=\"column-4\">S\u00ed<\/td>\n<\/tr>\n<tr class=\"row-8 even\">\n\t<td class=\"column-1\">Descarga directa<\/td><td class=\"column-2\">No<\/td><td class=\"column-3\">S\u00ed<\/td><td class=\"column-4\">S\u00ed<\/td>\n<\/tr>\n<tr class=\"row-9 odd\">\n\t<td class=\"column-1\">Gestor de descargas<\/td><td class=\"column-2\">No<\/td><td class=\"column-3\">S\u00ed<\/td><td class=\"column-4\">S\u00ed<\/td>\n<\/tr>\n<tr class=\"row-10 even\">\n\t<td class=\"column-1\">Download del tiempo de reposo<\/td><td class=\"column-2\">30 segundos<\/td><td class=\"column-3\">No<\/td><td class=\"column-4\">No<\/td>\n<\/tr>\n<\/tbody>\n<\/table>\n<!-- #tablepress-17 from cache --><\/strong><\/p>\n<p>S\u00ed, esta es una oferta promocional premium. Es casi lo mismo que Keep2Share Premium. La \u00fanica diferencia es el l\u00edmite de tama\u00f1o de archivo y el l\u00edmite de descarga.<\/p>\n<p><img loading=\"lazy\" class=\"aligncenter wp-image-140 size-full\" src=\"https:\/\/keep2sharepremium.cc\/wp-content\/uploads\/2018\/11\/pricing.png\" alt=\"pricing\" width=\"850\" height=\"615\" srcset=\"https:\/\/keep2sharepremium.cc\/wp-content\/uploads\/2018\/11\/pricing.png 850w, https:\/\/keep2sharepremium.cc\/wp-content\/uploads\/2018\/11\/pricing-300x217.png 300w, https:\/\/keep2sharepremium.cc\/wp-content\/uploads\/2018\/11\/pricing-768x556.png 768w\" sizes=\"(max-width: 850px) 100vw, 850px\" \/><\/p>\n<h2><span lang=\"EN-US\">\u00bfQu\u00e9 m\u00e9todos de pago se aceptan?<\/span><\/h2>\n<p>Como cualquier gran sitio Filehoster, Keep2Share ofrece varios m\u00e9todos de pago, algunos de los cuales se enumeran a continuaci\u00f3n;<\/p>\n<ul>\n<li>Credit Card<\/li>\n<li>Debit Card<\/li>\n<li>Webmoney<\/li>\n<li>MasterCard<\/li>\n<li>American Express<\/li>\n<li>Discover<\/li>\n<li>JCB<\/li>\n<li>Coupons<\/li>\n<li>Vouchers<\/li>\n<li>Resellers<\/li>\n<\/ul>\n<p>Puede crear una cuenta simple y elegir el m\u00e9todo de pago que prefiera. Puede cambiar a su cuenta Keep2Share Premium o Keep2Share Premium Pro. Todas las transacciones son consultadas por VISA y otras instituciones financieras importantes. Sus transacciones son 100% seguras y r\u00e1pidas.<\/p>\n<p><strong><a class=\"maxbutton-1 maxbutton maxbutton-cta\" target=\"_blank\" rel=\"nofollow noopener\" href=\"\/go\/\"><span class='mb-text'>&gt;&gt; Ir a Keep2Share.cc<\/span><\/a><\/strong><\/p>\n<h2><span lang=\"EN-US\">\u00bfPor qu\u00e9 elegir Keep2Share?<\/span><\/h2>\n<p>Muchos creadores de archivos ofrecen las mismas caracter\u00edsticas, pero Keep2Share es diferente de los dem\u00e1s. Aqu\u00ed hay una lista para considerar antes de elegir un filehoster;<\/p>\n<p><strong>100% de seguridad:<\/strong><\/p>\n<p>Todo lo que cargue es seguro. La informaci\u00f3n de su perfil y de la actividad de su navegador no se almacena ni se transmite a terceros. Puedes navegar, subir y descargar lo que quieras, siendo an\u00f3nimo.<\/p>\n<p><strong>Compatibilidad entre plataformas:<\/strong><\/p>\n<p>Puedes subir y descargar archivos desde cualquier plataforma. Independientemente de si tiene un PC o un MAC, puede descargarlo y cargarlo sin obst\u00e1culos. Funciona en diferentes sistemas operativos y plataformas disponibles.<\/p>\n<p><strong>Velocidad ultras\u00f3nica:<\/strong><\/p>\n<p>Ahora que est\u00e1 descargando o subiendo archivos de Internet, el principal problema es la velocidad. Keep2Share ofrece alta velocidad y una velocidad de descarga ilimitada. Independientemente de si la carga del servidor es m\u00e1xima o no, la velocidad de descarga no diferir\u00e1 de la velocidad prometida.<\/p>\n<p><strong>Interfaz de usuario simple:<\/strong><\/p>\n<p>Nadie quiere una interfaz de usuario complicada cuando se trata de compartir archivos. Keep2Share ofrece una interfaz de usuario simple. Con un solo clic o arrastrar y soltar, puede cargar, descargar y acceder a todas las funciones principales del sitio web.<\/p>\n<p><strong>Amplia integraci\u00f3n:<\/strong><\/p>\n<p>Keep2Share es uno de los pocos alojadores de archivos que permite la integraci\u00f3n de navegadores y aceleradores de descarga de terceros. Permite a los usuarios utilizar cualquier acelerador de descarga para aumentar la velocidad de descarga. La mayor\u00eda de los sitios web no permiten aplicaciones de terceros. Incluso si lo permiten, limitan el n\u00famero de preguntas a sus empleados. Con una cuenta Keep2Share Premium puede utilizar cualquier acelerador de descarga.<\/p>\n<p><strong>No esperes:<\/strong><\/p>\n<p>Si desea descargar algo, su cuenta puede almacenarse en una cola virtual antes de que pueda acceder al archivo. Keep2Share se basa en una interfaz de usuario paralela. Esto significa que no hay tiempo de espera para descargar varios archivos al mismo tiempo.<\/p>\n<h2><span lang=\"EN-US\">\u00bfC\u00f3mo es la interfaz de gesti\u00f3n de archivos?<\/span><\/h2>\n<p>Libre del ajetreo y el bullicio. Esa ser\u00eda la respuesta exacta y m\u00e1s exacta. Los usuarios quieren olvidarse de sus archivos utilizando el m\u00e9todo de \u00abarrastrar y soltar\u00bb. Para eliminar un archivo, simplemente selecci\u00f3nelo y elim\u00ednelo. Para administrar y organizar sus archivos, simplemente cree una nueva carpeta y arrastre y suelte sus archivos en ella. Bueno, as\u00ed es como funciona Keep2Share. Con un solo clic, puede eliminar, administrar y organizar archivos, historial y descargas.<\/p>\n<p><img loading=\"lazy\" class=\"aligncenter wp-image-146 size-full\" src=\"https:\/\/keep2sharepremium.cc\/wp-content\/uploads\/2018\/11\/upload.png\" alt=\"upload\" width=\"1245\" height=\"444\" srcset=\"https:\/\/keep2sharepremium.cc\/wp-content\/uploads\/2018\/11\/upload.png 1245w, https:\/\/keep2sharepremium.cc\/wp-content\/uploads\/2018\/11\/upload-300x107.png 300w, https:\/\/keep2sharepremium.cc\/wp-content\/uploads\/2018\/11\/upload-768x274.png 768w, https:\/\/keep2sharepremium.cc\/wp-content\/uploads\/2018\/11\/upload-1024x365.png 1024w\" sizes=\"(max-width: 1245px) 100vw, 1245px\" \/><\/p>\n<p>Despu\u00e9s de subir el archivo, puede compartirlo p\u00fablica o privadamente. Si es p\u00fablico, cualquier persona con una cuenta puede acceder a \u00e9l. Si el archivo es privado, puede generar v\u00ednculos y compartirlos con los destinatarios, y s\u00f3lo ellos pueden descargarlos y visualizarlos.<\/p>\n<h2><span lang=\"EN-US\">\u00bfC\u00f3mo puede ganar dinero con Keep2Share?<\/span><\/h2>\n<p>S\u00ed, usted puede ganar dinero con la ayuda de programas y socios. Simplemente vaya al final de la p\u00e1gina, haga clic en Gana Dinero y ser\u00e1 redirigido a una nueva p\u00e1gina que le har\u00e1 algunas preguntas b\u00e1sicas. Entonces usted puede promover el sitio en su propio sitio web, o puede ganar dinero cuando los archivos se vuelven m\u00e1s efectivos y populares.<\/p>\n<p><img loading=\"lazy\" class=\"aligncenter wp-image-151 size-full\" src=\"https:\/\/keep2sharepremium.cc\/wp-content\/uploads\/2018\/11\/partner.png\" alt=\"partner\" width=\"790\" height=\"734\" srcset=\"https:\/\/keep2sharepremium.cc\/wp-content\/uploads\/2018\/11\/partner.png 790w, https:\/\/keep2sharepremium.cc\/wp-content\/uploads\/2018\/11\/partner-300x279.png 300w, https:\/\/keep2sharepremium.cc\/wp-content\/uploads\/2018\/11\/partner-768x714.png 768w\" sizes=\"(max-width: 790px) 100vw, 790px\" \/><\/p>\n<p><a href=\"https:\/\/fboom.me\/\">FileBoom.me<\/a> es un socio y permite a los usuarios ganar m\u00e1s a medida que sus archivos se vuelven m\u00e1s y m\u00e1s populares. Tambi\u00e9n se paga a los usuarios por alojar contenido en sus sitios web y cuentas personales. Los pasos simples y sencillos le ayudar\u00e1n a ganar dinero al sentarse en casa.<\/p>\n<h2><span lang=\"EN-US\">\u00bfCu\u00e1les son los diferentes paquetes para los usuarios?<\/span><\/h2>\n<p>Keep2Share ofrece dos tipos diferentes de bonos. Puedes comprar una simple cuenta Premium o Premium Pro. Ve\u00e1moslo;<\/p>\n<p><strong>\n<table id=\"tablepress-18\" class=\"tablepress tablepress-id-18\">\n<thead>\n<tr class=\"row-1 odd\">\n\t<th class=\"column-1\">Package<\/th><th class=\"column-2\">Premium Pro<\/th><th class=\"column-3\">Premium<\/th>\n<\/tr>\n<\/thead>\n<tbody class=\"row-hover\">\n<tr class=\"row-2 even\">\n\t<td class=\"column-1\">Anualmente<\/td><td class=\"column-2\">$11.75 \/ month<\/td><td class=\"column-3\">$9.50 \/ month<\/td>\n<\/tr>\n<tr class=\"row-3 odd\">\n\t<td class=\"column-1\">Trimestral<\/td><td class=\"column-2\">$17.32 \/ month<\/td><td class=\"column-3\">$13.98 \/ month<\/td>\n<\/tr>\n<tr class=\"row-4 even\">\n\t<td class=\"column-1\">Mensualmente<\/td><td class=\"column-2\">$21.95 \/ month<\/td><td class=\"column-3\">$16.95 \/ month<\/td>\n<\/tr>\n<tr class=\"row-5 odd\">\n\t<td class=\"column-1\">Juicio<\/td><td class=\"column-2\">$8.95 \/ 3 days<\/td><td class=\"column-3\">$6.95 \/ 3 days<\/td>\n<\/tr>\n<\/tbody>\n<\/table>\n<!-- #tablepress-18 from cache --><\/strong><\/p>\n<p><strong><a class=\"maxbutton-1 maxbutton maxbutton-cta\" target=\"_blank\" rel=\"nofollow noopener\" href=\"\/go\/\"><span class='mb-text'>&gt;&gt; Ir a Keep2Share.cc<\/span><\/a><\/strong><\/p>\n<h3><span lang=\"EN-US\">\u00bfQu\u00e9 tenemos que decir?<\/span><\/h3>\n<p>La tecnolog\u00eda de computaci\u00f3n en nube est\u00e1 creciendo, y cientos de hosts de archivos le prometen un mundo. Keep2Share es el que cumple sus promesas. Ya sea que tenga una cuenta gratuita, una cuenta Keep2Share Premium o una cuenta Keep2Share Premium Pro, todo lo que se le haya prometido le ser\u00e1 entregado.<\/p>\n<p>Si no est\u00e1 satisfecho con el servicio, haga clic con un solo clic y recibir\u00e1 un reembolso. Por lo tanto, si est\u00e1 interesado en subir y descargar regularmente y est\u00e1 buscando el mejor servicio y los mejores archivos de host, vale la pena probar keep2Share. Este es uno de los mejores servidores de archivos disponibles actualmente en el mercado.<\/p>\n","protected":false},"excerpt":{"rendered":"<p>Keep2Share\u00a0es otro sitio con un buscador de archivos, que puede ser clasificado como uno de los mejores buscadores de archivos<\/p>\n","protected":false},"author":3,"featured_media":0,"parent":0,"menu_order":0,"comment_status":"closed","ping_status":"closed","template":"","meta":[],"yoast_head":"<!-- This site is optimized with the Yoast SEO plugin v18.3 - https:\/\/yoast.com\/wordpress\/plugins\/seo\/ -->\n<title>Keep2Share Premium Account - \u00bfEl shoster de archivos m\u00e1s popular?<\/title>\n<meta name=\"description\" content=\"Consiga una Cuenta Premium Keep2Share hoy mismo. Echa un vistazo a las incre\u00edbles ofertas!\" \/>\n<meta name=\"robots\" content=\"index, follow, max-snippet:-1, max-image-preview:large, max-video-preview:-1\" \/>\n<link rel=\"canonical\" href=\"https:\/\/keep2sharepremium.cc\/es\/\" \/>\n<meta property=\"og:locale\" content=\"es_ES\" \/>\n<meta property=\"og:type\" content=\"article\" \/>\n<meta property=\"og:title\" content=\"Keep2Share Premium Account - \u00bfEl shoster de archivos m\u00e1s popular?\" \/>\n<meta property=\"og:description\" content=\"Consiga una Cuenta Premium Keep2Share hoy mismo. Echa un vistazo a las incre\u00edbles ofertas!\" \/>\n<meta property=\"og:url\" content=\"https:\/\/keep2sharepremium.cc\/es\/\" \/>\n<meta property=\"og:site_name\" content=\"Keep2Share - Premium Account\" \/>\n<meta property=\"article:modified_time\" content=\"2019-11-12T08:43:26+00:00\" \/>\n<meta property=\"og:image\" content=\"https:\/\/keep2sharepremium.cc\/wp-content\/uploads\/2018\/11\/interface.png\" \/>\n<meta name=\"twitter:card\" content=\"summary\" \/>\n<meta name=\"twitter:label1\" content=\"Tiempo de lectura\" \/>\n\t<meta name=\"twitter:data1\" content=\"8 minutos\" \/>\n<!-- \/ Yoast SEO plugin. -->","yoast_head_json":{"title":"Keep2Share Premium Account - \u00bfEl shoster de archivos m\u00e1s popular?","description":"Consiga una Cuenta Premium Keep2Share hoy mismo. Echa un vistazo a las incre\u00edbles ofertas!","robots":{"index":"index","follow":"follow","max-snippet":"max-snippet:-1","max-image-preview":"max-image-preview:large","max-video-preview":"max-video-preview:-1"},"canonical":"https:\/\/keep2sharepremium.cc\/es\/","og_locale":"es_ES","og_type":"article","og_title":"Keep2Share Premium Account - \u00bfEl shoster de archivos m\u00e1s popular?","og_description":"Consiga una Cuenta Premium Keep2Share hoy mismo. Echa un vistazo a las incre\u00edbles ofertas!","og_url":"https:\/\/keep2sharepremium.cc\/es\/","og_site_name":"Keep2Share - Premium Account","article_modified_time":"2019-11-12T08:43:26+00:00","og_image":[{"url":"https:\/\/keep2sharepremium.cc\/wp-content\/uploads\/2018\/11\/interface.png"}],"twitter_card":"summary","twitter_misc":{"Tiempo de lectura":"8 minutos"},"schema":{"@context":"https:\/\/schema.org","@graph":[{"@type":"WebSite","@id":"https:\/\/keep2sharepremium.cc\/es\/#website","url":"https:\/\/keep2sharepremium.cc\/es\/","name":"Keep2Share - Premium Account","description":"","potentialAction":[{"@type":"SearchAction","target":{"@type":"EntryPoint","urlTemplate":"https:\/\/keep2sharepremium.cc\/es\/?s={search_term_string}"},"query-input":"required name=search_term_string"}],"inLanguage":"es"},{"@type":"ImageObject","@id":"https:\/\/keep2sharepremium.cc\/es\/#primaryimage","inLanguage":"es","url":"https:\/\/keep2sharepremium.cc\/wp-content\/uploads\/2018\/11\/interface.png","contentUrl":"https:\/\/keep2sharepremium.cc\/wp-content\/uploads\/2018\/11\/interface.png","width":1218,"height":690,"caption":"interface of keep2sharepremium"},{"@type":"WebPage","@id":"https:\/\/keep2sharepremium.cc\/es\/#webpage","url":"https:\/\/keep2sharepremium.cc\/es\/","name":"Keep2Share Premium Account - \u00bfEl shoster de archivos m\u00e1s popular?","isPartOf":{"@id":"https:\/\/keep2sharepremium.cc\/es\/#website"},"primaryImageOfPage":{"@id":"https:\/\/keep2sharepremium.cc\/es\/#primaryimage"},"datePublished":"2018-12-21T10:52:02+00:00","dateModified":"2019-11-12T08:43:26+00:00","description":"Consiga una Cuenta Premium Keep2Share hoy mismo. Echa un vistazo a las incre\u00edbles ofertas!","breadcrumb":{"@id":"https:\/\/keep2sharepremium.cc\/es\/#breadcrumb"},"inLanguage":"es","potentialAction":[{"@type":"ReadAction","target":["https:\/\/keep2sharepremium.cc\/es\/"]}]},{"@type":"BreadcrumbList","@id":"https:\/\/keep2sharepremium.cc\/es\/#breadcrumb","itemListElement":[{"@type":"ListItem","position":1,"name":"Startseite","item":"https:\/\/keep2sharepremium.cc\/es\/"},{"@type":"ListItem","position":2,"name":"Keep2Share Premium Account &#8211; \u00bfEl shoster de archivos m\u00e1s popular?"}]}]}},"_links":{"self":[{"href":"https:\/\/keep2sharepremium.cc\/es\/wp-json\/wp\/v2\/pages\/184"}],"collection":[{"href":"https:\/\/keep2sharepremium.cc\/es\/wp-json\/wp\/v2\/pages"}],"about":[{"href":"https:\/\/keep2sharepremium.cc\/es\/wp-json\/wp\/v2\/types\/page"}],"author":[{"embeddable":true,"href":"https:\/\/keep2sharepremium.cc\/es\/wp-json\/wp\/v2\/users\/3"}],"replies":[{"embeddable":true,"href":"https:\/\/keep2sharepremium.cc\/es\/wp-json\/wp\/v2\/comments?post=184"}],"version-history":[{"count":6,"href":"https:\/\/keep2sharepremium.cc\/es\/wp-json\/wp\/v2\/pages\/184\/revisions"}],"predecessor-version":[{"id":761,"href":"https:\/\/keep2sharepremium.cc\/es\/wp-json\/wp\/v2\/pages\/184\/revisions\/761"}],"wp:attachment":[{"href":"https:\/\/keep2sharepremium.cc\/es\/wp-json\/wp\/v2\/media?parent=184"}],"curies":[{"name":"wp","href":"https:\/\/api.w.org\/{rel}","templated":true}]}}