{"id":169,"date":"2018-12-21T10:50:27","date_gmt":"2018-12-21T10:50:27","guid":{"rendered":"https:\/\/keep2sharepremium.cc\/?page_id=169"},"modified":"2019-11-12T08:43:24","modified_gmt":"2019-11-12T08:43:24","slug":"keep2share-premium-account-il-filehoster-piu-popolare","status":"publish","type":"page","link":"https:\/\/keep2sharepremium.cc\/it\/","title":{"rendered":"Keep2Share Premium Account  &#8211; Il filehoster pi\u00f9 popolare?"},"content":{"rendered":"<p><strong>Keep2Share<\/strong><strong>\u00a0<\/strong>\u00e8 l&#8217;ennesimo sito web di filehoster che pu\u00f2 essere classificato tra i migliori filehosters e multi-hosters. Consente agli utenti di caricare e scaricare file senza ostacoli, display e clic ingiustificati. Basta un clic per caricare e scaricare un file.<\/p>\n<p>Era un compito terribile condividere un file di grandi dimensioni. L&#8217;invio via Internet richiedeva un&#8217;eternit\u00e0 e gli utenti dovevano copiare i file su un supporto di memorizzazione e inviarli ai destinatari. Con l&#8217;avvento delle vecchie tecnologie e i progressi delle moderne soluzioni tecnologiche, Keep2Share offre un modo cloud-based per trasferire file.<\/p>\n<p>Con Keep2Share, tutto quello che dovete fare \u00e8 trascinare e rilasciare un file enorme sul sito web e viene immediatamente caricato nel cloud. Una volta che il file \u00e8 nel cloud, \u00e8 sufficiente condividere il link con gli utenti che possono scaricarlo da qualsiasi parte del mondo. Consente inoltre di scaricare file illimitati in qualsiasi momento nel mondo. Ecco l&#8217;interfaccia principale della homepage:<\/p>\n<p>Se volete saperne di pi\u00f9, cliccate qui: <a href=\"https:\/\/keep2share.info\/\" target=\"_blank\" rel=\"noopener noreferrer\">Keep2Share Account<\/a><\/p>\n<p><strong><a class=\"maxbutton-1 maxbutton maxbutton-cta\" target=\"_blank\" rel=\"nofollow noopener\" href=\"\/go\/\"><span class='mb-text'>&gt;&gt; Vai a Keep2Share.cc<\/span><\/a><\/strong><\/p>\n<p><img loading=\"lazy\" class=\"aligncenter wp-image-135 size-full\" src=\"https:\/\/keep2sharepremium.cc\/wp-content\/uploads\/2018\/11\/interface.png\" alt=\"interface of keep2sharepremium\" width=\"1218\" height=\"690\" srcset=\"https:\/\/keep2sharepremium.cc\/wp-content\/uploads\/2018\/11\/interface.png 1218w, https:\/\/keep2sharepremium.cc\/wp-content\/uploads\/2018\/11\/interface-300x170.png 300w, https:\/\/keep2sharepremium.cc\/wp-content\/uploads\/2018\/11\/interface-768x435.png 768w, https:\/\/keep2sharepremium.cc\/wp-content\/uploads\/2018\/11\/interface-1024x580.png 1024w\" sizes=\"(max-width: 1218px) 100vw, 1218px\" \/><\/p>\n\n<h2><span lang=\"EN-US\">Quali diversi tipi di account offre Keep2Share?<\/span><\/h2>\n<p>Keep2Share offre tre diversi tipi di conti. Ogni conto porta i propri vantaggi e svantaggi in tavola. I tre tipi di conti principali sono;<\/p>\n<ul>\n<li><strong>Keep2Share<\/strong> Free<\/li>\n<li><strong>Keep2Share Premium<\/strong><\/li>\n<li><strong>Keep2Share Premium<\/strong> Pro<\/li>\n<\/ul>\n<h2><span lang=\"EN-US\">Quali sono i vantaggi di un account Keep2Share Premium?<\/span><\/h2>\n<p>Se non sei un utente entusiasta delle funzionalit\u00e0 di download e upload, potresti voler mantenere il normale account gratuito Keep2Share. Tuttavia, se adori le funzioni di download e upload del sito e intendi utilizzarle quotidianamente, dovresti acquistare un account Keep2Share Premium. Parliamo di alcuni dei vantaggi di Keep2Share Premium:<\/p>\n<p><strong>Alta velocit\u00e0 di download:<\/strong><\/p>\n<p>Con un semplice account gratuito, la velocit\u00e0 massima di download sar\u00e0 di circa 50KB\/s. D&#8217;altra parte, se scegliete Keep2Share Premium, la velocit\u00e0 di download sar\u00e0 aumentata fino a 300 mb\/s. Questa velocit\u00e0 viene mantenuta anche se i server sono occupati e il traffico \u00e8 al massimo livello. La vostra connessione sar\u00e0 trattata con la massima priorit\u00e0. Non ci sono tempi di attesa per gli utenti premium.<\/p>\n<p><strong>Funzione di continuazione per download\/uploads:<\/strong><\/p>\n<p>Al giorno d&#8217;oggi non \u00e8 garantita una connessione permanente a Internet. Ci saranno momenti in cui sarete disconnessi da Internet, e tutto apparir\u00e0 buio. Se hai appena scaricato o caricato qualcosa, puoi continuare con l&#8217;account Keep2Share Premium da questo punto invece di partire da zero. Questo \u00e8 un grande guadagno di tempo per i file di grandi dimensioni.<\/p>\n<p><strong>Opzioni di caricamento\/scaricamento dei premi:<\/strong><\/p>\n<p>Con un account Keep2Share Premium, la dimensione di caricamento \u00e8 di 2 GB, mentre gli account gratuiti ricevono solo 500 MB di caricamento al giorno. \u00c8 inoltre possibile scaricare file illimitati al giorno fino a 20 GB, mentre un account gratuito pu\u00f2 scaricare solo fino a 1 GB al giorno. Inoltre, \u00e8 possibile scaricare file paralleli in modo sincrono, mentre un utente gratuito pu\u00f2 scaricare solo un file alla volta.<\/p>\n<p><strong>Cronologia dei file:<\/strong><\/p>\n<p>Potresti essere lontano per un po&#8217; di tempo, ma l&#8217;account Keep2Share Premium mantiene i tuoi file al sicuro fino a 180 giorni. \u00c8 possibile scaricarlo rapidamente sul vostro computer portatile prima che venga rimosso. Tiene traccia dei tuoi download per un massimo di 180 giorni, in modo da poter rivisitare alcuni vecchi download. Con un account gratuito, memorizza solo i file per un mese.<\/p>\n<p>Per darvi una prospettiva visiva dei benefici, la seguente tabella pu\u00f2 essere d&#8217;aiuto.<\/p>\n<p><strong>\n<table id=\"tablepress-13\" class=\"tablepress tablepress-id-13\">\n<thead>\n<tr class=\"row-1 odd\">\n\t<th class=\"column-1\">Account Type<\/th><th class=\"column-2\">Free User<\/th><th class=\"column-3\">Premium User<\/th><th class=\"column-4\">Premium Pro User<\/th>\n<\/tr>\n<\/thead>\n<tbody class=\"row-hover\">\n<tr class=\"row-2 even\">\n\t<td class=\"column-1\">Velocit\u00e0 di download<\/td><td class=\"column-2\">50 kb\/s<\/td><td class=\"column-3\">Illimitato<\/td><td class=\"column-4\">Illimitato<\/td>\n<\/tr>\n<tr class=\"row-3 odd\">\n\t<td class=\"column-1\">Limite dimensione file<\/td><td class=\"column-2\">1 GB<\/td><td class=\"column-3\">5 GB<\/td><td class=\"column-4\">10 GB<\/td>\n<\/tr>\n<tr class=\"row-4 even\">\n\t<td class=\"column-1\">Restrizioni per il download<\/td><td class=\"column-2\">1 GB<\/td><td class=\"column-3\">20 GB al giorno<\/td><td class=\"column-4\">50 GB al giorno<\/td>\n<\/tr>\n<tr class=\"row-5 odd\">\n\t<td class=\"column-1\">Download paralleli<\/td><td class=\"column-2\">1<\/td><td class=\"column-3\">Illimitato<\/td><td class=\"column-4\">Illimitato<\/td>\n<\/tr>\n<tr class=\"row-6 even\">\n\t<td class=\"column-1\">Ad-Free<\/td><td class=\"column-2\">No<\/td><td class=\"column-3\">S\u00ec<\/td><td class=\"column-4\">S\u00ec<\/td>\n<\/tr>\n<tr class=\"row-7 odd\">\n\t<td class=\"column-1\">Inizio immediato<\/td><td class=\"column-2\">No<\/td><td class=\"column-3\">S\u00ec<\/td><td class=\"column-4\">S\u00ec<\/td>\n<\/tr>\n<tr class=\"row-8 even\">\n\t<td class=\"column-1\">Download diretto<\/td><td class=\"column-2\">No<\/td><td class=\"column-3\">S\u00ec<\/td><td class=\"column-4\">S\u00ec<\/td>\n<\/tr>\n<tr class=\"row-9 odd\">\n\t<td class=\"column-1\">Scarica Manager<\/td><td class=\"column-2\">No<\/td><td class=\"column-3\">S\u00ec<\/td><td class=\"column-4\">S\u00ec<\/td>\n<\/tr>\n<tr class=\"row-10 even\">\n\t<td class=\"column-1\">Scarica il tempo di attesa<\/td><td class=\"column-2\">30 secondi<\/td><td class=\"column-3\">No<\/td><td class=\"column-4\">No<\/td>\n<\/tr>\n<\/tbody>\n<\/table>\n<!-- #tablepress-13 from cache --><\/strong><\/p>\n<p>S\u00ec, c&#8217;\u00e8 un&#8217;offerta promozionale premium. \u00c8 quasi la stessa cosa di Keep2Share Premium. L&#8217;unica differenza \u00e8 il limite di dimensione del file e il limite di download.<\/p>\n<p><img loading=\"lazy\" class=\"aligncenter wp-image-140 size-full\" src=\"https:\/\/keep2sharepremium.cc\/wp-content\/uploads\/2018\/11\/pricing.png\" alt=\"pricing\" width=\"850\" height=\"615\" srcset=\"https:\/\/keep2sharepremium.cc\/wp-content\/uploads\/2018\/11\/pricing.png 850w, https:\/\/keep2sharepremium.cc\/wp-content\/uploads\/2018\/11\/pricing-300x217.png 300w, https:\/\/keep2sharepremium.cc\/wp-content\/uploads\/2018\/11\/pricing-768x556.png 768w\" sizes=\"(max-width: 850px) 100vw, 850px\" \/><\/p>\n<h2><span lang=\"EN-US\">Quali sono i metodi di pagamento accettati?<\/span><\/h2>\n<p>Come ogni grande sito web Filehoster, Keep2Share offre una variet\u00e0 di metodi di pagamento, alcuni dei quali sono elencati di seguito;<\/p>\n<ul>\n<li>Credit Card<\/li>\n<li>Debit Card<\/li>\n<li>Webmoney<\/li>\n<li>MasterCard<\/li>\n<li>American Express<\/li>\n<li>Discover<\/li>\n<li>JCB<\/li>\n<li>Coupons<\/li>\n<li>Vouchers<\/li>\n<li>Resellers<\/li>\n<\/ul>\n<p>\u00c8 possibile creare un account semplice e successivamente scegliere il metodo di pagamento preferito. \u00c8 possibile passare all&#8217;account Keep2Share Premium o Keep2Share Premium Pro. Tutte le transazioni vengono esaminate da VISA e da altri importanti istituti finanziari. Le tue transazioni sono sicure al 100%, sicure e veloci.<\/p>\n<p><strong><a class=\"maxbutton-1 maxbutton maxbutton-cta\" target=\"_blank\" rel=\"nofollow noopener\" href=\"\/go\/\"><span class='mb-text'>&gt;&gt; Vai a Keep2Share.cc<\/span><\/a><\/strong><\/p>\n<h2><span lang=\"EN-US\">Perch\u00e9 scegliere Keep2Share?<\/span><\/h2>\n<p>Molti filehosters offrono le stesse funzionalit\u00e0, ma Keep2Share si distingue dagli altri. Ecco un elenco da considerare prima di selezionare un filehoster;<\/p>\n<p><strong>Sicurezza al 100%:<\/strong><\/p>\n<p>Tutto quello che carichi \u00e8 tenuto al sicuro. Le informazioni sul tuo profilo e le attivit\u00e0 del tuo browser non vengono n\u00e9 memorizzate n\u00e9 trasmesse a terzi. Puoi sfogliare, caricare e scaricare quello che vuoi mentre sei anonimo.<\/p>\n<p><strong>Compatibilit\u00e0 multipiattaforma:<\/strong><\/p>\n<p>\u00c8 possibile caricare e scaricare file da qualsiasi piattaforma. Che tu abbia un PC o un MAC, puoi scaricarlo e caricarlo senza inutili ostacoli. Funziona su una variet\u00e0 di sistemi operativi e piattaforme disponibili.<\/p>\n<p><strong>Velocit\u00e0 ultrasonica:<\/strong><\/p>\n<p>Ora, quando si scaricano o si caricano file da Internet, la preoccupazione principale \u00e8 la velocit\u00e0. Keep2Share offre alta velocit\u00e0 e velocit\u00e0 di download illimitata. Non importa se il carico sul server \u00e8 di picco, la velocit\u00e0 di download non sar\u00e0 diversa da quella promessa.<\/p>\n<p><strong>Interfaccia utente semplice:<\/strong><\/p>\n<p>Nessuno vuole un&#8217;interfaccia utente complessa quando si tratta di condivisione di file. Keep2Share offre una semplice interfaccia utente. Basta un clic o un drag &amp; drop per caricare, scaricare e accedere a tutte le funzioni principali del sito web.<\/p>\n<p><strong>Ampia integrazione:<\/strong><\/p>\n<p>Keep2Share \u00e8 uno dei pochi filehosters che permettono l&#8217;integrazione di terze parti per i browser e gli acceleratori di download. Consente agli utenti di utilizzare qualsiasi acceleratore di download per aumentare la velocit\u00e0 di download. La maggior parte dei siti web non consente applicazioni di terze parti. Anche se lo consentono, limitano il numero di domande ai loro dipendenti. Con l&#8217;account Keep2Share Premium \u00e8 possibile utilizzare qualsiasi acceleratore di download che si desidera.<\/p>\n<p><strong>Niente attese:<\/strong><\/p>\n<p>Se si desidera scaricare qualcosa, l&#8217;account pu\u00f2 essere tenuto in una coda virtuale prima di poter accedere al file. Keep2Share si basa su un&#8217;interfaccia utente parallela. Questo significa che non c&#8217;\u00e8 tempo di attesa per scaricare pi\u00f9 file contemporaneamente.<\/p>\n<h2><span lang=\"EN-US\">Com&#8217;\u00e8 l&#8217;interfaccia di gestione dei file?<\/span><\/h2>\n<p>Libera dal trambusto. Questa sarebbe la risposta esatta e pi\u00f9 accurata. Gli utenti vogliono dimenticare i loro file con il drag &amp; drop. Per cancellare un file, \u00e8 sufficiente selezionare e cancellare il file. Per gestire e organizzare i file, \u00e8 sufficiente creare una nuova cartella e trascinare e rilasciare i file su di essa. Beh, \u00e8 cos\u00ec che funziona Keep2Share. Con un solo clic, \u00e8 possibile eliminare, gestire e organizzare i file, la cronologia e scaricare i file.<\/p>\n<p><img loading=\"lazy\" class=\"aligncenter wp-image-146 size-full\" src=\"https:\/\/keep2sharepremium.cc\/wp-content\/uploads\/2018\/11\/upload.png\" alt=\"upload\" width=\"1245\" height=\"444\" srcset=\"https:\/\/keep2sharepremium.cc\/wp-content\/uploads\/2018\/11\/upload.png 1245w, https:\/\/keep2sharepremium.cc\/wp-content\/uploads\/2018\/11\/upload-300x107.png 300w, https:\/\/keep2sharepremium.cc\/wp-content\/uploads\/2018\/11\/upload-768x274.png 768w, https:\/\/keep2sharepremium.cc\/wp-content\/uploads\/2018\/11\/upload-1024x365.png 1024w\" sizes=\"(max-width: 1245px) 100vw, 1245px\" \/><\/p>\n<p>Una volta caricato un file, \u00e8 possibile renderlo pubblico o privato. Se \u00e8 pubblico, chiunque abbia un account pu\u00f2 accedervi. Se il file \u00e8 privato, \u00e8 possibile generare link e condividerli con i destinatari, e solo loro possono scaricarli e visualizzarli.<\/p>\n<h2><span lang=\"EN-US\">Come puoi guadagnare con Keep2Share?<\/span><\/h2>\n<p>S\u00ec, \u00e8 possibile guadagnare denaro con l&#8217;aiuto di programmi di affiliazione e partner. Basta andare alla fine del sito, cliccare su Guadagnare soldi, e sarete reindirizzati ad una nuova pagina che vi far\u00e0 alcune domande di base. Poi si pu\u00f2 promuovere il sito sul proprio sito web, o si possono guadagnare soldi quando i file diventano pi\u00f9 efficaci e popolari.<\/p>\n<p><img loading=\"lazy\" class=\"aligncenter wp-image-151 size-full\" src=\"https:\/\/keep2sharepremium.cc\/wp-content\/uploads\/2018\/11\/partner.png\" alt=\"partner\" width=\"790\" height=\"734\" srcset=\"https:\/\/keep2sharepremium.cc\/wp-content\/uploads\/2018\/11\/partner.png 790w, https:\/\/keep2sharepremium.cc\/wp-content\/uploads\/2018\/11\/partner-300x279.png 300w, https:\/\/keep2sharepremium.cc\/wp-content\/uploads\/2018\/11\/partner-768x714.png 768w\" sizes=\"(max-width: 790px) 100vw, 790px\" \/><\/p>\n<p><a href=\"https:\/\/fboom.me\/\">FileBoom.me<\/a> \u00e8 il partner, e permettono agli utenti di guadagnare di pi\u00f9 man mano che i loro file diventano pi\u00f9 popolari. Gli utenti sono inoltre pagati per l&#8217;hosting di contenuti sui loro siti web e conti personali. Semplici e semplici passi vi aiuteranno a guadagnare denaro seduti a casa.<\/p>\n<h2><span lang=\"EN-US\">Quali sono i diversi pacchetti per gli utenti?<\/span><\/h2>\n<p>Keep2Share offre due diversi tipi di opzioni premium. \u00c8 possibile acquistare un semplice account Premium o un account Premium Pro. Diamo un&#8217;occhiata;<\/p>\n<p><strong>\n<table id=\"tablepress-14\" class=\"tablepress tablepress-id-14\">\n<thead>\n<tr class=\"row-1 odd\">\n\t<th class=\"column-1\">Package<\/th><th class=\"column-2\">Premium Pro<\/th><th class=\"column-3\">Premium<\/th>\n<\/tr>\n<\/thead>\n<tbody class=\"row-hover\">\n<tr class=\"row-2 even\">\n\t<td class=\"column-1\">Annuale<\/td><td class=\"column-2\">$11.75 \/ month<\/td><td class=\"column-3\">$9.50 \/ month<\/td>\n<\/tr>\n<tr class=\"row-3 odd\">\n\t<td class=\"column-1\">Trimestrale<\/td><td class=\"column-2\">$17.32 \/ month<\/td><td class=\"column-3\">$13.98 \/ month<\/td>\n<\/tr>\n<tr class=\"row-4 even\">\n\t<td class=\"column-1\">Mensile<\/td><td class=\"column-2\">$21.95 \/ month<\/td><td class=\"column-3\">$16.95 \/ month<\/td>\n<\/tr>\n<tr class=\"row-5 odd\">\n\t<td class=\"column-1\">Trial<\/td><td class=\"column-2\">$8.95 \/ 3 days<\/td><td class=\"column-3\">$6.95 \/ 3 days<\/td>\n<\/tr>\n<\/tbody>\n<\/table>\n<!-- #tablepress-14 from cache --><\/strong><\/p>\n<p><strong><a class=\"maxbutton-1 maxbutton maxbutton-cta\" target=\"_blank\" rel=\"nofollow noopener\" href=\"\/go\/\"><span class='mb-text'>&gt;&gt; Vai a Keep2Share.cc<\/span><\/a><\/strong><\/p>\n<h3><span lang=\"EN-US\">Cosa abbiamo da dire?<\/span><\/h3>\n<p>La tecnologia di cloud computing \u00e8 in aumento e centinaia di host di file vi promettono il mondo. Keep2Share \u00e8 quello che mantiene le sue promesse. Sia che tu abbia un account gratuito, un account Keep2Share Premium o un account Keep2Share Premium Pro, qualsiasi cosa ti sia stata promessa ti verr\u00e0 consegnata.<\/p>\n<p>Se non sei soddisfatto del servizio, clicca con un clic e riceverai un rimborso per i tuoi soldi. Quindi, se siete interessati a caricare e scaricare regolarmente e siete alla ricerca del miglior servizio e dei migliori file hoster, keep2Share vale sicuramente la pena di provare. \u00c8 uno dei migliori filehosters attualmente disponibili.<\/p>\n","protected":false},"excerpt":{"rendered":"<p>Keep2Share\u00a0\u00e8 l&#8217;ennesimo sito web di filehoster che pu\u00f2 essere classificato tra i migliori filehosters e multi-hosters. Consente agli utenti di<\/p>\n","protected":false},"author":3,"featured_media":0,"parent":0,"menu_order":0,"comment_status":"closed","ping_status":"closed","template":"","meta":[],"yoast_head":"<!-- This site is optimized with the Yoast SEO plugin v18.3 - https:\/\/yoast.com\/wordpress\/plugins\/seo\/ -->\n<title>Keep2Share Premium Account - Il filehoster pi\u00f9 popolare<\/title>\n<meta name=\"description\" content=\"Prendi un account Premium Keep2Share oggi stesso. Scopri le offerte fantastiche!\" \/>\n<meta name=\"robots\" content=\"index, follow, max-snippet:-1, max-image-preview:large, max-video-preview:-1\" \/>\n<link rel=\"canonical\" href=\"https:\/\/keep2sharepremium.cc\/it\/\" \/>\n<meta property=\"og:locale\" content=\"it_IT\" \/>\n<meta property=\"og:type\" content=\"article\" \/>\n<meta property=\"og:title\" content=\"Keep2Share Premium Account - Il filehoster pi\u00f9 popolare\" \/>\n<meta property=\"og:description\" content=\"Prendi un account Premium Keep2Share oggi stesso. Scopri le offerte fantastiche!\" \/>\n<meta property=\"og:url\" content=\"https:\/\/keep2sharepremium.cc\/it\/\" \/>\n<meta property=\"og:site_name\" content=\"Keep2Share - Premium Account\" \/>\n<meta property=\"article:modified_time\" content=\"2019-11-12T08:43:24+00:00\" \/>\n<meta property=\"og:image\" content=\"https:\/\/keep2sharepremium.cc\/wp-content\/uploads\/2018\/11\/interface.png\" \/>\n<meta name=\"twitter:card\" content=\"summary\" \/>\n<meta name=\"twitter:label1\" content=\"Tempo di lettura stimato\" \/>\n\t<meta name=\"twitter:data1\" content=\"7 minuti\" \/>\n<!-- \/ Yoast SEO plugin. -->","yoast_head_json":{"title":"Keep2Share Premium Account - Il filehoster pi\u00f9 popolare","description":"Prendi un account Premium Keep2Share oggi stesso. Scopri le offerte fantastiche!","robots":{"index":"index","follow":"follow","max-snippet":"max-snippet:-1","max-image-preview":"max-image-preview:large","max-video-preview":"max-video-preview:-1"},"canonical":"https:\/\/keep2sharepremium.cc\/it\/","og_locale":"it_IT","og_type":"article","og_title":"Keep2Share Premium Account - Il filehoster pi\u00f9 popolare","og_description":"Prendi un account Premium Keep2Share oggi stesso. Scopri le offerte fantastiche!","og_url":"https:\/\/keep2sharepremium.cc\/it\/","og_site_name":"Keep2Share - Premium Account","article_modified_time":"2019-11-12T08:43:24+00:00","og_image":[{"url":"https:\/\/keep2sharepremium.cc\/wp-content\/uploads\/2018\/11\/interface.png"}],"twitter_card":"summary","twitter_misc":{"Tempo di lettura stimato":"7 minuti"},"schema":{"@context":"https:\/\/schema.org","@graph":[{"@type":"WebSite","@id":"https:\/\/keep2sharepremium.cc\/es\/#website","url":"https:\/\/keep2sharepremium.cc\/es\/","name":"Keep2Share - Premium Account","description":"","potentialAction":[{"@type":"SearchAction","target":{"@type":"EntryPoint","urlTemplate":"https:\/\/keep2sharepremium.cc\/es\/?s={search_term_string}"},"query-input":"required name=search_term_string"}],"inLanguage":"it-IT"},{"@type":"ImageObject","@id":"https:\/\/keep2sharepremium.cc\/it\/#primaryimage","inLanguage":"it-IT","url":"https:\/\/keep2sharepremium.cc\/wp-content\/uploads\/2018\/11\/interface.png","contentUrl":"https:\/\/keep2sharepremium.cc\/wp-content\/uploads\/2018\/11\/interface.png","width":1218,"height":690,"caption":"interface of keep2sharepremium"},{"@type":"WebPage","@id":"https:\/\/keep2sharepremium.cc\/it\/#webpage","url":"https:\/\/keep2sharepremium.cc\/it\/","name":"Keep2Share Premium Account - Il filehoster pi\u00f9 popolare","isPartOf":{"@id":"https:\/\/keep2sharepremium.cc\/es\/#website"},"primaryImageOfPage":{"@id":"https:\/\/keep2sharepremium.cc\/it\/#primaryimage"},"datePublished":"2018-12-21T10:50:27+00:00","dateModified":"2019-11-12T08:43:24+00:00","description":"Prendi un account Premium Keep2Share oggi stesso. Scopri le offerte fantastiche!","breadcrumb":{"@id":"https:\/\/keep2sharepremium.cc\/it\/#breadcrumb"},"inLanguage":"it-IT","potentialAction":[{"@type":"ReadAction","target":["https:\/\/keep2sharepremium.cc\/it\/"]}]},{"@type":"BreadcrumbList","@id":"https:\/\/keep2sharepremium.cc\/it\/#breadcrumb","itemListElement":[{"@type":"ListItem","position":1,"name":"Startseite","item":"https:\/\/keep2sharepremium.cc\/it\/"},{"@type":"ListItem","position":2,"name":"Keep2Share Premium Account &#8211; Il filehoster pi\u00f9 popolare?"}]}]}},"_links":{"self":[{"href":"https:\/\/keep2sharepremium.cc\/it\/wp-json\/wp\/v2\/pages\/169"}],"collection":[{"href":"https:\/\/keep2sharepremium.cc\/it\/wp-json\/wp\/v2\/pages"}],"about":[{"href":"https:\/\/keep2sharepremium.cc\/it\/wp-json\/wp\/v2\/types\/page"}],"author":[{"embeddable":true,"href":"https:\/\/keep2sharepremium.cc\/it\/wp-json\/wp\/v2\/users\/3"}],"replies":[{"embeddable":true,"href":"https:\/\/keep2sharepremium.cc\/it\/wp-json\/wp\/v2\/comments?post=169"}],"version-history":[{"count":6,"href":"https:\/\/keep2sharepremium.cc\/it\/wp-json\/wp\/v2\/pages\/169\/revisions"}],"predecessor-version":[{"id":759,"href":"https:\/\/keep2sharepremium.cc\/it\/wp-json\/wp\/v2\/pages\/169\/revisions\/759"}],"wp:attachment":[{"href":"https:\/\/keep2sharepremium.cc\/it\/wp-json\/wp\/v2\/media?parent=169"}],"curies":[{"name":"wp","href":"https:\/\/api.w.org\/{rel}","templated":true}]}}