{"id":177,"date":"2018-12-21T10:51:27","date_gmt":"2018-12-21T10:51:27","guid":{"rendered":"https:\/\/keep2sharepremium.cc\/?page_id=177"},"modified":"2019-11-12T08:43:25","modified_gmt":"2019-11-12T08:43:25","slug":"keep2share-premium-account-najpopularniejszy-shoster-plikow","status":"publish","type":"page","link":"https:\/\/keep2sharepremium.cc\/pl\/","title":{"rendered":"Keep2Share Premium Account  &#8211; Najpopularniejszy shoster plik\u00f3w?"},"content":{"rendered":"<p><strong>Keep2Share<\/strong><strong>\u00a0<\/strong>to kolejna strona z wyszukiwark\u0105 plik\u00f3w, kt\u00f3ra mo\u017ce by\u0107 zaliczana do najlepszych wyszukiwarek plik\u00f3w i multi-hoster\u00f3w. Pozwala u\u017cytkownikom na przesy\u0142anie i pobieranie plik\u00f3w bez przeszk\u00f3d, nieuzasadnionych wy\u015bwietlaczy i klikni\u0119\u0107. Jedno klikni\u0119cie wystarczy, aby przes\u0142a\u0107 i pobra\u0107 plik.<\/p>\n<p>To by\u0142o straszne zadanie, aby dzieli\u0107 si\u0119 du\u017cym plikiem. Wysy\u0142anie plik\u00f3w przez Internet trwa\u0142o wiecznie, a u\u017cytkownicy musieli je skopiowa\u0107 na no\u015bnik pami\u0119ci masowej i wys\u0142a\u0107 do odbiorc\u00f3w. Wraz z pojawieniem si\u0119 starych technologii i rozwojem nowoczesnych rozwi\u0105za\u0144 technologicznych, Keep2Share oferuje oparty na chmurze spos\u00f3b przesy\u0142ania plik\u00f3w.<\/p>\n<p>Z Keep2Share, wszystko co musisz zrobi\u0107, to przeci\u0105gnij i upu\u015b\u0107 ogromny plik na stron\u0119 internetow\u0105 i zostanie on natychmiast przes\u0142any do chmury. Gdy plik jest w chmurze, po prostu udost\u0119pni\u0107 link z u\u017cytkownikami, kt\u00f3rzy mog\u0105 go pobra\u0107 z dowolnego miejsca na \u015bwiecie. Pozwala r\u00f3wnie\u017c na pobieranie nieograniczonej ilo\u015bci plik\u00f3w w dowolnym momencie na \u015bwiecie. Oto g\u0142\u00f3wny interfejs strony g\u0142\u00f3wnej:<\/p>\n<p>Je\u015bli chcesz wiedzie\u0107 wi\u0119cej na ten temat, kliknij tutaj: <a href=\"https:\/\/keep2share.info\/\" target=\"_blank\" rel=\"noopener noreferrer\">Keep2Share Account<\/a><\/p>\n<p><strong><a class=\"maxbutton-1 maxbutton maxbutton-cta\" target=\"_blank\" rel=\"nofollow noopener\" href=\"\/go\/\"><span class='mb-text'>&gt;&gt; Id\u017a do Keep2Share.cc<\/span><\/a><\/strong><\/p>\n<p><img loading=\"lazy\" class=\"aligncenter wp-image-135 size-full\" src=\"https:\/\/keep2sharepremium.cc\/wp-content\/uploads\/2018\/11\/interface.png\" alt=\"interface of keep2sharepremium\" width=\"1218\" height=\"690\" srcset=\"https:\/\/keep2sharepremium.cc\/wp-content\/uploads\/2018\/11\/interface.png 1218w, https:\/\/keep2sharepremium.cc\/wp-content\/uploads\/2018\/11\/interface-300x170.png 300w, https:\/\/keep2sharepremium.cc\/wp-content\/uploads\/2018\/11\/interface-768x435.png 768w, https:\/\/keep2sharepremium.cc\/wp-content\/uploads\/2018\/11\/interface-1024x580.png 1024w\" sizes=\"(max-width: 1218px) 100vw, 1218px\" \/><\/p>\n\n<h2><span lang=\"EN-US\">Jakie r\u00f3\u017cne rodzaje kont oferuje Keep2Share?<\/span><\/h2>\n<p>Keep2Share oferuje trzy r\u00f3\u017cne rodzaje kont. Ka\u017cde konto przynosi swoje w\u0142asne zalety i wady do tabeli. Trzy g\u0142\u00f3wne typy kont to<\/p>\n<ul>\n<li><strong>Keep2Share<\/strong> Free<\/li>\n<li><strong>Keep2Share Premium<\/strong><\/li>\n<li><strong>Keep2Share Premium<\/strong> Pro<\/li>\n<\/ul>\n<h2><span lang=\"EN-US\">Jakie s\u0105 korzy\u015bci z posiadania konta Keep2Share Premium?<\/span><\/h2>\n<p>Je\u015bli nie jeste\u015b entuzjastycznym u\u017cytkownikiem funkcji pobierania i wysy\u0142ania, mo\u017cesz chcie\u0107 zachowa\u0107 swoje regularne, bezp\u0142atne konto Keep2Share. Jednak\u017ce, je\u015bli kochasz funkcje pobierania i wysy\u0142ania na stron\u0119 i chcesz z nich korzysta\u0107 na co dzie\u0144, powiniene\u015b zakupi\u0107 konto Premium Keep2Share. Porozmawiajmy o niekt\u00f3rych korzy\u015bciach z Keep2Share Premium:<\/p>\n<p><strong>Szybkie pobieranie:<\/strong><\/p>\n<p>Dzi\u0119ki prostemu, darmowemu kontu, maksymalna pr\u0119dko\u015b\u0107 pobierania wyniesie oko\u0142o 50KB\/s. Z drugiej strony, je\u015bli wybierzesz Keep2Share Premium, pr\u0119dko\u015b\u0107 pobierania zostanie zwi\u0119kszona do 300 mb\/s. Pr\u0119dko\u015b\u0107 ta jest utrzymywana nawet je\u015bli serwery s\u0105 zaj\u0119te i ruch jest na najwy\u017cszym poziomie. Twoje po\u0142\u0105czenie b\u0119dzie traktowane z najwy\u017cszym priorytetem. Nie ma czasu oczekiwania na u\u017cytkownik\u00f3w premium.<\/p>\n<p><strong>Kontynuuj funkcj\u0119 pobierania\/wysy\u0142ania plik\u00f3w:<\/strong><\/p>\n<p>Obecnie nie ma gwarancji sta\u0142ego po\u0142\u0105czenia z Internetem. B\u0119d\u0105 chwile, kiedy zostaniesz od\u0142\u0105czony od Internetu, a wszystko b\u0119dzie ciemne. Je\u015bli w\u0142a\u015bnie pobra\u0142e\u015b lub przes\u0142a\u0142e\u015b co\u015b, mo\u017cesz kontynuowa\u0107 korzystanie z konta Keep2Share Premium od tego miejsca, zamiast zaczyna\u0107 od zera. Jest to \u015bwietna oszcz\u0119dno\u015b\u0107 czasu dla du\u017cych plik\u00f3w.<\/p>\n<p><strong>Opcje przesy\u0142ania\/pobierania nagr\u00f3d:<\/strong><\/p>\n<p>Z kontem Keep2Share Premium, wielko\u015b\u0107 wp\u0142aty wynosi 2 GB, podczas gdy darmowe konta otrzymuj\u0105 tylko 500 MB wp\u0142aty dziennie. Mo\u017cesz r\u00f3wnie\u017c pobra\u0107 nieograniczon\u0105 ilo\u015b\u0107 plik\u00f3w dziennie do 20 GB, podczas gdy darmowe konto mo\u017ce pobra\u0107 tylko do 1 GB dziennie. Ponadto, pliki r\u00f3wnoleg\u0142e mog\u0105 by\u0107 pobierane synchronicznie, podczas gdy darmowy u\u017cytkownik mo\u017ce pobra\u0107 tylko jeden plik na raz.<\/p>\n<p><strong>Historia plik\u00f3w:<\/strong><\/p>\n<p>Mo\u017cesz by\u0107 poza domem przez chwil\u0119, ale konto Premium Keep2Share utrzymuje Twoje pliki w bezpiecznym miejscu przez okres do 180 dni. Mo\u017cesz szybko pobra\u0107 go do swojego laptopa, zanim zostanie usuni\u0119ty. \u015aledzi pobrane pliki przez okres do 180 dni, dzi\u0119ki czemu mo\u017cna powr\u00f3ci\u0107 do niekt\u00f3rych starych plik\u00f3w do pobrania. Z bezp\u0142atnym kontem, przechowywa\u0107 tylko pliki na jeden miesi\u0105c.<\/p>\n<p>Aby da\u0107 Ci wizualn\u0105 perspektyw\u0119 korzy\u015bci, pomocna mo\u017ce by\u0107 poni\u017csza tabela.<\/p>\n<p><strong>\n<table id=\"tablepress-15\" class=\"tablepress tablepress-id-15\">\n<thead>\n<tr class=\"row-1 odd\">\n\t<th class=\"column-1\">Account Type<\/th><th class=\"column-2\">Free User<\/th><th class=\"column-3\">Premium User<\/th><th class=\"column-4\">Premium Pro User<\/th>\n<\/tr>\n<\/thead>\n<tbody class=\"row-hover\">\n<tr class=\"row-2 even\">\n\t<td class=\"column-1\">Pr\u0119dko\u015b\u0107 pobierania<\/td><td class=\"column-2\">50 kb\/s<\/td><td class=\"column-3\">Nieograniczony<\/td><td class=\"column-4\">Nieograniczony<\/td>\n<\/tr>\n<tr class=\"row-3 odd\">\n\t<td class=\"column-1\">Limit rozmiaru pliku<\/td><td class=\"column-2\">1 GB<\/td><td class=\"column-3\">5 GB<\/td><td class=\"column-4\">10 GB<\/td>\n<\/tr>\n<tr class=\"row-4 even\">\n\t<td class=\"column-1\">Ograniczenia pobierania<\/td><td class=\"column-2\">1 GB<\/td><td class=\"column-3\">20 GB dziennie<\/td><td class=\"column-4\">50 GB dziennie<\/td>\n<\/tr>\n<tr class=\"row-5 odd\">\n\t<td class=\"column-1\">R\u00f3wnoleg\u0142e pobieranie plik\u00f3w<\/td><td class=\"column-2\">1<\/td><td class=\"column-3\">Nieograniczony<\/td><td class=\"column-4\">Nieograniczony<\/td>\n<\/tr>\n<tr class=\"row-6 even\">\n\t<td class=\"column-1\">Ad-Free<\/td><td class=\"column-2\">Nie<\/td><td class=\"column-3\">Tak<\/td><td class=\"column-4\">Tak<\/td>\n<\/tr>\n<tr class=\"row-7 odd\">\n\t<td class=\"column-1\">Natychmiast rozpocz\u0105\u0107<\/td><td class=\"column-2\">Nie<\/td><td class=\"column-3\">Tak<\/td><td class=\"column-4\">Tak<\/td>\n<\/tr>\n<tr class=\"row-8 even\">\n\t<td class=\"column-1\">Pobieranie bezpo\u015brednie<\/td><td class=\"column-2\">Nie<\/td><td class=\"column-3\">Tak<\/td><td class=\"column-4\">Tak<\/td>\n<\/tr>\n<tr class=\"row-9 odd\">\n\t<td class=\"column-1\">Mened\u017cer pobierania<\/td><td class=\"column-2\">Nie<\/td><td class=\"column-3\">Tak<\/td><td class=\"column-4\">Tak<\/td>\n<\/tr>\n<tr class=\"row-10 even\">\n\t<td class=\"column-1\">Pobierz czas oczekiwania<\/td><td class=\"column-2\">30 sekund<\/td><td class=\"column-3\">Nie<\/td><td class=\"column-4\">Nie<\/td>\n<\/tr>\n<\/tbody>\n<\/table>\n<!-- #tablepress-15 from cache --><\/strong><\/p>\n<p>Tak, jest to oferta promocyjna premium. To prawie to samo, co Keep2Share Premium. Jedyn\u0105 r\u00f3\u017cnic\u0105 jest limit rozmiaru pliku i limit pobierania.<\/p>\n<p><img loading=\"lazy\" class=\"aligncenter wp-image-140 size-full\" src=\"https:\/\/keep2sharepremium.cc\/wp-content\/uploads\/2018\/11\/pricing.png\" alt=\"pricing\" width=\"850\" height=\"615\" srcset=\"https:\/\/keep2sharepremium.cc\/wp-content\/uploads\/2018\/11\/pricing.png 850w, https:\/\/keep2sharepremium.cc\/wp-content\/uploads\/2018\/11\/pricing-300x217.png 300w, https:\/\/keep2sharepremium.cc\/wp-content\/uploads\/2018\/11\/pricing-768x556.png 768w\" sizes=\"(max-width: 850px) 100vw, 850px\" \/><\/p>\n<h2><span lang=\"EN-US\">Jakie metody p\u0142atno\u015bci s\u0105 akceptowane?<\/span><\/h2>\n<p>Jak ka\u017cda wspania\u0142a strona Filehoster, Keep2Share oferuje r\u00f3\u017cne metody p\u0142atno\u015bci, z kt\u00f3rych niekt\u00f3re s\u0105 wymienione poni\u017cej;<\/p>\n<ul>\n<li>Credit Card<\/li>\n<li>Debit Card<\/li>\n<li>Webmoney<\/li>\n<li>MasterCard<\/li>\n<li>American Express<\/li>\n<li>Discover<\/li>\n<li>JCB<\/li>\n<li>Coupons<\/li>\n<li>Vouchers<\/li>\n<li>Resellers<\/li>\n<\/ul>\n<p>Mo\u017cesz za\u0142o\u017cy\u0107 proste konto i wybra\u0107 preferowan\u0105 metod\u0119 p\u0142atno\u015bci. Mo\u017cesz prze\u0142\u0105czy\u0107 si\u0119 na swoje konto Keep2Share Premium lub Keep2Share Premium Pro. Wszystkie transakcje s\u0105 przegl\u0105dane przez VISA i inne g\u0142\u00f3wne instytucje finansowe. Twoje transakcje s\u0105 w 100% bezpieczne, bezpieczne i szybkie.<\/p>\n<p><strong><a class=\"maxbutton-1 maxbutton maxbutton-cta\" target=\"_blank\" rel=\"nofollow noopener\" href=\"\/go\/\"><span class='mb-text'>&gt;&gt; Id\u017a do Keep2Share.cc<\/span><\/a><\/strong><\/p>\n<h2><span lang=\"EN-US\">Dlaczego warto wybra\u0107 Keep2Share?<\/span><\/h2>\n<p>Wielu tw\u00f3rc\u00f3w plik\u00f3w oferuje te same funkcje, ale Keep2Share r\u00f3\u017cni si\u0119 od innych. Oto lista do rozwa\u017cenia przed wyborem plikuhoster;<\/p>\n<p><strong>100% bezpiecze\u0144stwa:<\/strong><\/p>\n<p>Wszystko, co \u0142adujesz jest bezpieczne. Informacje o Twoim profilu i aktywno\u015bci w przegl\u0105darce nie s\u0105 przechowywane ani przekazywane osobom trzecim. Mo\u017cesz przegl\u0105da\u0107, przesy\u0142a\u0107 i pobiera\u0107, co tylko chcesz, b\u0119d\u0105c anonimowym.<\/p>\n<p><strong>Kompatybilno\u015b\u0107 mi\u0119dzyplatformowa:<\/strong><\/p>\n<p>Mo\u017cesz przesy\u0142a\u0107 i pobiera\u0107 pliki z dowolnej platformy. Niezale\u017cnie od tego, czy posiadasz komputer PC czy MAC, mo\u017cesz go pobra\u0107 i przes\u0142a\u0107 bez zb\u0119dnych przeszk\u00f3d. Dzia\u0142a na r\u00f3\u017cnych systemach operacyjnych i dost\u0119pnych platformach.<\/p>\n<p><strong>Pr\u0119dko\u015b\u0107 ultrad\u017awi\u0119kowa:<\/strong><\/p>\n<p>Teraz, gdy pobierasz lub przesy\u0142asz pliki z Internetu, g\u0142\u00f3wnym problemem jest szybko\u015b\u0107. Keep2Share oferuje du\u017c\u0105 pr\u0119dko\u015b\u0107 i nieograniczon\u0105 pr\u0119dko\u015b\u0107 pobierania. Niezale\u017cnie od tego, czy obci\u0105\u017cenie serwera jest szczytowe, pr\u0119dko\u015b\u0107 pobierania nie b\u0119dzie si\u0119 r\u00f3\u017cni\u0107 od pr\u0119dko\u015bci obiecanej.<\/p>\n<p><strong>Prosty interfejs u\u017cytkownika:<\/strong><\/p>\n<p>Nikt nie chce skomplikowanego interfejsu u\u017cytkownika, je\u015bli chodzi o udost\u0119pnianie plik\u00f3w. Keep2Share oferuje prosty interfejs u\u017cytkownika. Wystarczy jedno klikni\u0119cie lub przeci\u0105gnij i upu\u015b\u0107, aby przes\u0142a\u0107, pobra\u0107 i uzyska\u0107 dost\u0119p do wszystkich g\u0142\u00f3wnych funkcji strony internetowej.<\/p>\n<p><strong>Szeroka integracja:<\/strong><\/p>\n<p>Keep2Share jest jednym z niewielu Plikhoster\u00f3w, kt\u00f3re umo\u017cliwiaj\u0105 integracj\u0119 przegl\u0105darek i akcelerator\u00f3w pobierania przez osoby trzecie. Umo\u017cliwia u\u017cytkownikom korzystanie z dowolnego akceleratora pobierania w celu zwi\u0119kszenia pr\u0119dko\u015bci pobierania. Wi\u0119kszo\u015b\u0107 stron internetowych nie zezwala na aplikacje os\u00f3b trzecich. Nawet je\u015bli na to pozwalaj\u0105, ograniczaj\u0105 liczb\u0119 pyta\u0144 do swoich pracownik\u00f3w. Z kontem Keep2Share Premium mo\u017cesz korzysta\u0107 z dowolnego akceleratora pobierania.<\/p>\n<p><strong>Nie czekaj:<\/strong><\/p>\n<p>Je\u015bli chcesz co\u015b pobra\u0107, Twoje konto mo\u017ce by\u0107 przechowywane w wirtualnej kolejce, zanim b\u0119dziesz m\u00f3g\u0142 uzyska\u0107 dost\u0119p do pliku. Keep2Share jest oparty na r\u00f3wnoleg\u0142ym interfejsie u\u017cytkownika. Oznacza to, \u017ce nie ma czasu oczekiwania na pobranie wielu plik\u00f3w w tym samym czasie.<\/p>\n<h2><span lang=\"EN-US\">Jak wygl\u0105da interfejs zarz\u0105dzania plikami?<\/span><\/h2>\n<p>Wolny od zgie\u0142ku i zgie\u0142ku. To by\u0142aby dok\u0142adna i najdok\u0142adniejsza odpowied\u017a. U\u017cytkownicy chc\u0105 zapomnie\u0107 o swoich plikach za pomoc\u0105 metody &#8222;przeci\u0105gnij i upu\u015b\u0107&#8221;. Aby usun\u0105\u0107 plik, po prostu wybierz i usu\u0144 plik. Aby zarz\u0105dza\u0107 i organizowa\u0107 pliki, po prostu utw\u00f3rz nowy folder i przeci\u0105gnij i upu\u015b\u0107 na niego pliki. C\u00f3\u017c, tak dzia\u0142a Keep2Share. Za pomoc\u0105 jednego klikni\u0119cia, mo\u017cna usun\u0105\u0107, zarz\u0105dza\u0107 i organizowa\u0107 pliki, histori\u0119 i pobieranie plik\u00f3w.<\/p>\n<p><img loading=\"lazy\" class=\"aligncenter wp-image-146 size-full\" src=\"https:\/\/keep2sharepremium.cc\/wp-content\/uploads\/2018\/11\/upload.png\" alt=\"upload\" width=\"1245\" height=\"444\" srcset=\"https:\/\/keep2sharepremium.cc\/wp-content\/uploads\/2018\/11\/upload.png 1245w, https:\/\/keep2sharepremium.cc\/wp-content\/uploads\/2018\/11\/upload-300x107.png 300w, https:\/\/keep2sharepremium.cc\/wp-content\/uploads\/2018\/11\/upload-768x274.png 768w, https:\/\/keep2sharepremium.cc\/wp-content\/uploads\/2018\/11\/upload-1024x365.png 1024w\" sizes=\"(max-width: 1245px) 100vw, 1245px\" \/><\/p>\n<p>Po przes\u0142aniu pliku mo\u017cna go udost\u0119pni\u0107 publicznie lub prywatnie. Je\u015bli jest publiczny, ka\u017cdy, kto posiada konto, mo\u017ce uzyska\u0107 do niego dost\u0119p. Je\u015bli plik jest prywatny, mo\u017cna generowa\u0107 linki i udost\u0119pnia\u0107 je odbiorcom, a tylko oni mog\u0105 je pobra\u0107 i wy\u015bwietli\u0107.<\/p>\n<h2><span lang=\"EN-US\">Jak mo\u017cesz zarabia\u0107 pieni\u0105dze z Keep2Share?<\/span><\/h2>\n<p>Tak, mo\u017cesz zarabia\u0107 pieni\u0105dze przy pomocy program\u00f3w partnerskich i partner\u00f3w. Wystarczy przej\u015b\u0107 do ko\u0144ca strony, kliknij na Earn Money, a zostaniesz przekierowany do nowej strony, kt\u00f3ra sprawi, \u017ce kilka podstawowych pyta\u0144. Nast\u0119pnie mo\u017cna promowa\u0107 stron\u0119 na w\u0142asnej stronie internetowej, lub mo\u017cna zarabia\u0107 pieni\u0105dze, gdy pliki staj\u0105 si\u0119 bardziej skuteczne i popularne.<\/p>\n<p><img loading=\"lazy\" class=\"aligncenter wp-image-151 size-full\" src=\"https:\/\/keep2sharepremium.cc\/wp-content\/uploads\/2018\/11\/partner.png\" alt=\"partner\" width=\"790\" height=\"734\" srcset=\"https:\/\/keep2sharepremium.cc\/wp-content\/uploads\/2018\/11\/partner.png 790w, https:\/\/keep2sharepremium.cc\/wp-content\/uploads\/2018\/11\/partner-300x279.png 300w, https:\/\/keep2sharepremium.cc\/wp-content\/uploads\/2018\/11\/partner-768x714.png 768w\" sizes=\"(max-width: 790px) 100vw, 790px\" \/><\/p>\n<p><a href=\"https:\/\/fboom.me\/\">FileBoom.me<\/a> jest partnerem i pozwala u\u017cytkownikom zarabia\u0107 wi\u0119cej w miar\u0119 jak ich pliki staj\u0105 si\u0119 coraz bardziej popularne. U\u017cytkownicy s\u0105 r\u00f3wnie\u017c op\u0142acani za hosting tre\u015bci na swoich stronach internetowych i kontach osobistych. Proste i proste kroki pomog\u0105 Ci zarobi\u0107 pieni\u0105dze siedz\u0105c w domu.<\/p>\n<h2><span lang=\"EN-US\">Jakie s\u0105 r\u00f3\u017cne pakiety dla u\u017cytkownik\u00f3w?<\/span><\/h2>\n<p>Keep2Share oferuje dwa r\u00f3\u017cne rodzaje premii. Mo\u017cesz kupi\u0107 proste konto Premium lub Premium Pro. Sp\u00f3jrzmy na to;<\/p>\n<p><strong>\n<table id=\"tablepress-16\" class=\"tablepress tablepress-id-16\">\n<thead>\n<tr class=\"row-1 odd\">\n\t<th class=\"column-1\">Package<\/th><th class=\"column-2\">Premium Pro<\/th><th class=\"column-3\">Premium<\/th>\n<\/tr>\n<\/thead>\n<tbody class=\"row-hover\">\n<tr class=\"row-2 even\">\n\t<td class=\"column-1\">Corocznie<\/td><td class=\"column-2\">$11.75 \/ month<\/td><td class=\"column-3\">$9.50 \/ month<\/td>\n<\/tr>\n<tr class=\"row-3 odd\">\n\t<td class=\"column-1\">Kwartalnie<\/td><td class=\"column-2\">$17.32 \/ month<\/td><td class=\"column-3\">$13.98 \/ month<\/td>\n<\/tr>\n<tr class=\"row-4 even\">\n\t<td class=\"column-1\">Miesi\u0119cznie<\/td><td class=\"column-2\">$21.95 \/ month<\/td><td class=\"column-3\">$16.95 \/ month<\/td>\n<\/tr>\n<tr class=\"row-5 odd\">\n\t<td class=\"column-1\">Pr\u00f3ba s\u0105dowa<\/td><td class=\"column-2\">$8.95 \/ 3 days<\/td><td class=\"column-3\">$6.95 \/ 3 days<\/td>\n<\/tr>\n<\/tbody>\n<\/table>\n<!-- #tablepress-16 from cache --><\/strong><\/p>\n<p><strong><a class=\"maxbutton-1 maxbutton maxbutton-cta\" target=\"_blank\" rel=\"nofollow noopener\" href=\"\/go\/\"><span class='mb-text'>&gt;&gt; Id\u017a do Keep2Share.cc<\/span><\/a><\/strong><\/p>\n<h3><span lang=\"EN-US\">Co mamy do powiedzenia?<\/span><\/h3>\n<p>Technologia przetwarzania w chmurze ro\u015bnie, a setki host\u00f3w plik\u00f3w obiecuj\u0105 Ci \u015bwiat. Keep2Share jest tym, kt\u00f3ry dotrzymuje obietnic. Niezale\u017cnie od tego, czy posiadasz darmowe konto, konto Keep2Share Premium, czy te\u017c konto Keep2Share Premium Pro, cokolwiek Ci obiecano, zostanie Ci dostarczone.<\/p>\n<p>Je\u015bli nie jeste\u015b zadowolony z us\u0142ugi, kliknij jednym klikni\u0119ciem, a otrzymasz zwrot pieni\u0119dzy. Tak wi\u0119c, je\u015bli jeste\u015b zainteresowany w przesy\u0142anie i pobieranie regularnie i szukasz najlepszych us\u0142ug i najlepszych plik\u00f3w hosta, keep2Share jest zdecydowanie warto spr\u00f3bowa\u0107. Jest to jeden z najlepszych obecnie dost\u0119pnych na rynku hoster\u00f3w plik\u00f3w.<\/p>\n","protected":false},"excerpt":{"rendered":"<p>Keep2Share\u00a0to kolejna strona z wyszukiwark\u0105 plik\u00f3w, kt\u00f3ra mo\u017ce by\u0107 zaliczana do najlepszych wyszukiwarek plik\u00f3w i multi-hoster\u00f3w. Pozwala u\u017cytkownikom na przesy\u0142anie<\/p>\n","protected":false},"author":3,"featured_media":0,"parent":0,"menu_order":0,"comment_status":"closed","ping_status":"closed","template":"","meta":[],"yoast_head":"<!-- This site is optimized with the Yoast SEO plugin v18.3 - https:\/\/yoast.com\/wordpress\/plugins\/seo\/ -->\n<title>Keep2Share Premium Account - Najpopularniejszy shoster plik\u00f3w<\/title>\n<meta name=\"description\" content=\"Ju\u017c dzi\u015b zdob\u0105d\u017a konto Premium Keep2Share Premium. Sprawd\u017a niesamowite oferty!\" \/>\n<meta name=\"robots\" content=\"index, follow, max-snippet:-1, max-image-preview:large, max-video-preview:-1\" \/>\n<link rel=\"canonical\" href=\"https:\/\/keep2sharepremium.cc\/pl\/\" \/>\n<meta property=\"og:locale\" content=\"pl_PL\" \/>\n<meta property=\"og:type\" content=\"article\" \/>\n<meta property=\"og:title\" content=\"Keep2Share Premium Account - Najpopularniejszy shoster plik\u00f3w\" \/>\n<meta property=\"og:description\" content=\"Ju\u017c dzi\u015b zdob\u0105d\u017a konto Premium Keep2Share Premium. Sprawd\u017a niesamowite oferty!\" \/>\n<meta property=\"og:url\" content=\"https:\/\/keep2sharepremium.cc\/pl\/\" \/>\n<meta property=\"og:site_name\" content=\"Keep2Share - Premium Account\" \/>\n<meta property=\"article:modified_time\" content=\"2019-11-12T08:43:25+00:00\" \/>\n<meta property=\"og:image\" content=\"https:\/\/keep2sharepremium.cc\/wp-content\/uploads\/2018\/11\/interface.png\" \/>\n<meta name=\"twitter:card\" content=\"summary\" \/>\n<meta name=\"twitter:label1\" content=\"Szacowany czas czytania\" \/>\n\t<meta name=\"twitter:data1\" content=\"8 minut\" \/>\n<!-- \/ Yoast SEO plugin. -->","yoast_head_json":{"title":"Keep2Share Premium Account - Najpopularniejszy shoster plik\u00f3w","description":"Ju\u017c dzi\u015b zdob\u0105d\u017a konto Premium Keep2Share Premium. Sprawd\u017a niesamowite oferty!","robots":{"index":"index","follow":"follow","max-snippet":"max-snippet:-1","max-image-preview":"max-image-preview:large","max-video-preview":"max-video-preview:-1"},"canonical":"https:\/\/keep2sharepremium.cc\/pl\/","og_locale":"pl_PL","og_type":"article","og_title":"Keep2Share Premium Account - Najpopularniejszy shoster plik\u00f3w","og_description":"Ju\u017c dzi\u015b zdob\u0105d\u017a konto Premium Keep2Share Premium. Sprawd\u017a niesamowite oferty!","og_url":"https:\/\/keep2sharepremium.cc\/pl\/","og_site_name":"Keep2Share - Premium Account","article_modified_time":"2019-11-12T08:43:25+00:00","og_image":[{"url":"https:\/\/keep2sharepremium.cc\/wp-content\/uploads\/2018\/11\/interface.png"}],"twitter_card":"summary","twitter_misc":{"Szacowany czas czytania":"8 minut"},"schema":{"@context":"https:\/\/schema.org","@graph":[{"@type":"WebSite","@id":"https:\/\/keep2sharepremium.cc\/es\/#website","url":"https:\/\/keep2sharepremium.cc\/es\/","name":"Keep2Share - Premium Account","description":"","potentialAction":[{"@type":"SearchAction","target":{"@type":"EntryPoint","urlTemplate":"https:\/\/keep2sharepremium.cc\/es\/?s={search_term_string}"},"query-input":"required name=search_term_string"}],"inLanguage":"pl-PL"},{"@type":"ImageObject","@id":"https:\/\/keep2sharepremium.cc\/pl\/#primaryimage","inLanguage":"pl-PL","url":"https:\/\/keep2sharepremium.cc\/wp-content\/uploads\/2018\/11\/interface.png","contentUrl":"https:\/\/keep2sharepremium.cc\/wp-content\/uploads\/2018\/11\/interface.png","width":1218,"height":690,"caption":"interface of keep2sharepremium"},{"@type":"WebPage","@id":"https:\/\/keep2sharepremium.cc\/pl\/#webpage","url":"https:\/\/keep2sharepremium.cc\/pl\/","name":"Keep2Share Premium Account - Najpopularniejszy shoster plik\u00f3w","isPartOf":{"@id":"https:\/\/keep2sharepremium.cc\/es\/#website"},"primaryImageOfPage":{"@id":"https:\/\/keep2sharepremium.cc\/pl\/#primaryimage"},"datePublished":"2018-12-21T10:51:27+00:00","dateModified":"2019-11-12T08:43:25+00:00","description":"Ju\u017c dzi\u015b zdob\u0105d\u017a konto Premium Keep2Share Premium. Sprawd\u017a niesamowite oferty!","breadcrumb":{"@id":"https:\/\/keep2sharepremium.cc\/pl\/#breadcrumb"},"inLanguage":"pl-PL","potentialAction":[{"@type":"ReadAction","target":["https:\/\/keep2sharepremium.cc\/pl\/"]}]},{"@type":"BreadcrumbList","@id":"https:\/\/keep2sharepremium.cc\/pl\/#breadcrumb","itemListElement":[{"@type":"ListItem","position":1,"name":"Startseite","item":"https:\/\/keep2sharepremium.cc\/pl\/"},{"@type":"ListItem","position":2,"name":"Keep2Share Premium Account &#8211; Najpopularniejszy shoster plik\u00f3w?"}]}]}},"_links":{"self":[{"href":"https:\/\/keep2sharepremium.cc\/pl\/wp-json\/wp\/v2\/pages\/177"}],"collection":[{"href":"https:\/\/keep2sharepremium.cc\/pl\/wp-json\/wp\/v2\/pages"}],"about":[{"href":"https:\/\/keep2sharepremium.cc\/pl\/wp-json\/wp\/v2\/types\/page"}],"author":[{"embeddable":true,"href":"https:\/\/keep2sharepremium.cc\/pl\/wp-json\/wp\/v2\/users\/3"}],"replies":[{"embeddable":true,"href":"https:\/\/keep2sharepremium.cc\/pl\/wp-json\/wp\/v2\/comments?post=177"}],"version-history":[{"count":6,"href":"https:\/\/keep2sharepremium.cc\/pl\/wp-json\/wp\/v2\/pages\/177\/revisions"}],"predecessor-version":[{"id":760,"href":"https:\/\/keep2sharepremium.cc\/pl\/wp-json\/wp\/v2\/pages\/177\/revisions\/760"}],"wp:attachment":[{"href":"https:\/\/keep2sharepremium.cc\/pl\/wp-json\/wp\/v2\/media?parent=177"}],"curies":[{"name":"wp","href":"https:\/\/api.w.org\/{rel}","templated":true}]}}